{"id":1772,"date":"2021-03-10T15:28:34","date_gmt":"2021-03-10T14:28:34","guid":{"rendered":"https:\/\/www.medespoir.ch\/blog\/?page_id=1772"},"modified":"2021-03-10T16:17:52","modified_gmt":"2021-03-10T15:17:52","slug":"prix-liposuccion-tunisie","status":"publish","type":"page","link":"https:\/\/www.medespoir.ch\/blog\/prix-liposuccion-tunisie\/","title":{"rendered":"Prix liposuccion Tunisie\u00a0: sculpter votre silhouette"},"content":{"rendered":"<p><strong>\u00a0<\/strong><\/p>\n<p>&nbsp;<\/p>\n<p>La <strong>liposuccion<\/strong> est une <strong>chirurgie esth\u00e9tique<\/strong> qui permet d&rsquo;obtenir une plus belle silhouette &#8211; et aussi une meilleure sensation corporelle. Cependant, la diversit\u00e9 des proc\u00e9dures est assez d\u00e9routante. Quelles sont les m\u00e9thodes les plus douces, pour quels types de patients sont-elles adapt\u00e9es ?<\/p>\n<p>La liposuccion permet de <strong>retirer<\/strong> <strong>l\u2019exc\u00e8s<\/strong> <strong>de<\/strong> <strong>graisse par aspiration<\/strong>. Cette intervention seule n&rsquo;est pas adapt\u00e9e \u00e0 la perte de poids et ne peut se substituer \u00e0 un r\u00e9gime alimentaire ou \u00e0 l&rsquo;exercice physique. Elle a surtout des effets cosm\u00e9tiques.<\/p>\n<p>Il est maintenant prouv\u00e9 que la graisse retir\u00e9e peut \u00eatre reproduite en exc\u00e8s. Le m\u00e9canisme qui se cache derri\u00e8re tout cela n&rsquo;est pas clair. On suppose que les signaux hormonaux qui continuent d&rsquo;exister en raison de l&rsquo;exc\u00e8s de poids ant\u00e9rieur sont responsables de la nouvelle accumulation de graisse. La meilleure fa\u00e7on de changer cela est de modifier votre alimentation et d&rsquo;augmenter votre activit\u00e9 physique !<\/p>\n<p><strong>Indications sur la liposuccion <\/strong><\/p>\n<p>Prenez votre temps pour choisir un m\u00e9decin exp\u00e9riment\u00e9. Il s&rsquo;agit souvent de chirurgiens plastiques ou de dermatologues. Par exemple, lisez des t\u00e9moignages sur Internet ou interrogez les personnes concern\u00e9es. Discutez de l&rsquo;\u00e9tendue exacte de la liposuccion avec votre m\u00e9decin. Exprimez clairement vos souhaits et vos id\u00e9es, ce n&rsquo;est qu&rsquo;alors qu&rsquo;il pourra \u00e9valuer si cet objectif peut \u00eatre atteint de mani\u00e8re r\u00e9aliste.<\/p>\n<p>Comme pour toutes les autres interventions de chirurgie plastique, vous devez vous abstenir de fumer et de prendre des m\u00e9dicaments anticoagulants pendant les deux semaines pr\u00e9c\u00e9dant l&rsquo;op\u00e9ration.<\/p>\n<p><strong>D\u00e9roulement de la lipoaspiration<\/strong><\/p>\n<p>Avant l&rsquo;op\u00e9ration, le m\u00e9decin marquera les zones appropri\u00e9es pour <strong>la<\/strong> <strong>liposculpture<\/strong> (cuisses, abdomen, etc.) sur votre peau avec un stylo. Lors de l\u2019intervention, une canule est ensuite introduite dans le tissu graisseux par une petite incision dans la peau.<\/p>\n<p>Apr\u00e8s un temps d&rsquo;exposition d&rsquo;environ une heure, la graisse et le liquide sont aspir\u00e9s. Il ne faut pas aspirer plus de quatre litres de graisse au total.<\/p>\n<p>Demandez \u00e0 votre m\u00e9decin traitant si un anesth\u00e9siste accompagnera l&rsquo;op\u00e9ration, qui peut intervenir rapidement en cas de complications &#8211; surtout si vous faites une <strong>liposuccion compl\u00e8te <\/strong>en ambulatoire. La proc\u00e9dure dure entre 20 minutes et deux heures.<\/p>\n<p><strong>Quels sont les risques de la liposculpture ?<\/strong><\/p>\n<p>La probabilit\u00e9 de complications est li\u00e9e, entre autres, \u00e0 la quantit\u00e9 de tissu adipeux pr\u00e9lev\u00e9e. Par exemple, l&rsquo;anesth\u00e9sie locale et l&rsquo;adr\u00e9naline peuvent affecter le fonctionnement du syst\u00e8me cardiovasculaire. Les l\u00e9sions des organes abdominaux et des vaisseaux sanguins peuvent entra\u00eener une infection et une embolie. Les enqu\u00eates ont montr\u00e9 que les d\u00e9c\u00e8s sont fr\u00e9quemment dus aux erreurs suivantes :<\/p>\n<ul>\n<li>une hygi\u00e8ne insuffisante avec des infections ult\u00e9rieures<\/li>\n<li>une quantit\u00e9 excessive de graisse aspir\u00e9e (plus de 4000 ml en une seule intervention)<\/li>\n<li>une mauvaise gestion des complications (surveillance insuffisante pendant et apr\u00e8s l&rsquo;op\u00e9ration).<\/li>\n<\/ul>\n<p>Par cons\u00e9quent, avant la proc\u00e9dure, il convient de s&rsquo;assurer que le chirurgien n&rsquo;enl\u00e8ve que la quantit\u00e9 de graisse souhait\u00e9e (souvent, le chirurgien est pay\u00e9 en fonction de la quantit\u00e9 de graisse enlev\u00e9e) que vous faites pratiquer l&rsquo;intervention dans un bureau ou une clinique o\u00f9 vous serez suivi pendant 24 heures apr\u00e8s l&rsquo;intervention.<\/p>\n<p>En outre, la liposuccion peut provoquer des cicatrices, des saignements, des ecchymoses, un assombrissement accru de la peau (hyperpigmentation), des l\u00e9sions nerveuses et des probl\u00e8mes de cicatrisation. Jusqu&rsquo;\u00e0 20 % des proc\u00e9dures donnent des r\u00e9sultats insatisfaisants sur le plan esth\u00e9tique (par exemple, un niveau de peau asym\u00e9trique avec un aspect de \u00ab\u00a0pav\u00e9\u00a0\u00bb).<\/p>\n<p><img loading=\"lazy\" decoding=\"async\" class=\"alignnone wp-image-1775 size-full\" src=\"https:\/\/www.medespoir.ch\/blog\/wp-content\/uploads\/2021\/03\/liposuccion.jpg\" alt=\"liposuccion Tunisie\" width=\"1200\" height=\"655\" srcset=\"https:\/\/www.medespoir.ch\/blog\/wp-content\/uploads\/2021\/03\/liposuccion.jpg 1200w, https:\/\/www.medespoir.ch\/blog\/wp-content\/uploads\/2021\/03\/liposuccion-300x164.jpg 300w, https:\/\/www.medespoir.ch\/blog\/wp-content\/uploads\/2021\/03\/liposuccion-1024x559.jpg 1024w, https:\/\/www.medespoir.ch\/blog\/wp-content\/uploads\/2021\/03\/liposuccion-768x419.jpg 768w, https:\/\/www.medespoir.ch\/blog\/wp-content\/uploads\/2021\/03\/liposuccion-495x270.jpg 495w\" sizes=\"auto, (max-width: 1200px) 100vw, 1200px\" \/><\/p>\n<p>&nbsp;<\/p>\n","protected":false},"excerpt":{"rendered":"<p>\u00a0 &nbsp; La liposuccion est une chirurgie esth\u00e9tique qui permet d&rsquo;obtenir une plus belle silhouette &#8211; et aussi une meilleure sensation corporelle. Cependant, la diversit\u00e9 des proc\u00e9dures est assez d\u00e9routante. Quelles sont les m\u00e9thodes les plus douces, pour quels types de patients sont-elles adapt\u00e9es ? La liposuccion permet de retirer l\u2019exc\u00e8s de graisse par aspiration. Cette intervention seule n&rsquo;est pas adapt\u00e9e \u00e0 la perte de poids et ne peut se substituer \u00e0 un r\u00e9gime alimentaire ou \u00e0 l&rsquo;exercice physique. Elle&#8230;<\/p>\n<p class=\"read-more\"><a class=\"btn btn-default\" href=\"https:\/\/www.medespoir.ch\/blog\/prix-liposuccion-tunisie\/\">Lire la suite<span class=\"screen-reader-text\"> Lire la suite<\/span><\/a><\/p>\n","protected":false},"author":2,"featured_media":1774,"parent":0,"menu_order":0,"comment_status":"closed","ping_status":"closed","template":"","meta":{"footnotes":""},"class_list":["post-1772","page","type-page","status-publish","has-post-thumbnail","hentry"],"yoast_head":"<!-- This site is optimized with the Yoast SEO plugin v27.4 - https:\/\/yoast.com\/product\/yoast-seo-wordpress\/ -->\n<title>Prix liposuccion Tunisie : tarif liposuccion pas cher en Tunisie<\/title>\n<meta name=\"description\" content=\"Prix liposuccion Tunisie : tarif liposuccion pas cher en Tunisie, devis gratuit liposuccion en Tunisie dans une clinique internationale\" \/>\n<meta name=\"robots\" content=\"index, follow, max-snippet:-1, max-image-preview:large, max-video-preview:-1\" \/>\n<link rel=\"canonical\" href=\"https:\/\/www.medespoir.ch\/blog\/prix-liposuccion-tunisie\/\" \/>\n<meta property=\"og:locale\" content=\"fr_FR\" \/>\n<meta property=\"og:type\" content=\"article\" \/>\n<meta property=\"og:title\" content=\"Prix liposuccion Tunisie : tarif liposuccion pas cher en Tunisie\" \/>\n<meta property=\"og:description\" content=\"Prix liposuccion Tunisie : tarif liposuccion pas cher en Tunisie, devis gratuit liposuccion en Tunisie dans une clinique internationale\" \/>\n<meta property=\"og:url\" content=\"https:\/\/www.medespoir.ch\/blog\/prix-liposuccion-tunisie\/\" \/>\n<meta property=\"og:site_name\" content=\"Actualit\u00e9s\" \/>\n<meta property=\"article:modified_time\" content=\"2021-03-10T15:17:52+00:00\" \/>\n<meta property=\"og:image\" content=\"https:\/\/www.medespoir.ch\/blog\/wp-content\/uploads\/2021\/03\/lipo.jpg\" \/>\n\t<meta property=\"og:image:width\" content=\"1170\" \/>\n\t<meta property=\"og:image:height\" content=\"658\" \/>\n\t<meta property=\"og:image:type\" content=\"image\/jpeg\" \/>\n<meta name=\"twitter:card\" content=\"summary_large_image\" \/>\n<meta name=\"twitter:label1\" content=\"Dur\u00e9e de lecture estim\u00e9e\" \/>\n\t<meta name=\"twitter:data1\" content=\"3 minutes\" \/>\n<script type=\"application\/ld+json\" class=\"yoast-schema-graph\">{\"@context\":\"https:\\\/\\\/schema.org\",\"@graph\":[{\"@type\":\"WebPage\",\"@id\":\"https:\\\/\\\/www.medespoir.ch\\\/blog\\\/prix-liposuccion-tunisie\\\/\",\"url\":\"https:\\\/\\\/www.medespoir.ch\\\/blog\\\/prix-liposuccion-tunisie\\\/\",\"name\":\"Prix liposuccion Tunisie : tarif liposuccion pas cher en Tunisie\",\"isPartOf\":{\"@id\":\"https:\\\/\\\/www.medespoir.ch\\\/blog\\\/#website\"},\"primaryImageOfPage\":{\"@id\":\"https:\\\/\\\/www.medespoir.ch\\\/blog\\\/prix-liposuccion-tunisie\\\/#primaryimage\"},\"image\":{\"@id\":\"https:\\\/\\\/www.medespoir.ch\\\/blog\\\/prix-liposuccion-tunisie\\\/#primaryimage\"},\"thumbnailUrl\":\"https:\\\/\\\/www.medespoir.ch\\\/blog\\\/wp-content\\\/uploads\\\/2021\\\/03\\\/lipo.jpg\",\"datePublished\":\"2021-03-10T14:28:34+00:00\",\"dateModified\":\"2021-03-10T15:17:52+00:00\",\"description\":\"Prix liposuccion Tunisie : tarif liposuccion pas cher en Tunisie, devis gratuit liposuccion en Tunisie dans une clinique internationale\",\"breadcrumb\":{\"@id\":\"https:\\\/\\\/www.medespoir.ch\\\/blog\\\/prix-liposuccion-tunisie\\\/#breadcrumb\"},\"inLanguage\":\"fr-FR\",\"potentialAction\":[{\"@type\":\"ReadAction\",\"target\":[\"https:\\\/\\\/www.medespoir.ch\\\/blog\\\/prix-liposuccion-tunisie\\\/\"]}]},{\"@type\":\"ImageObject\",\"inLanguage\":\"fr-FR\",\"@id\":\"https:\\\/\\\/www.medespoir.ch\\\/blog\\\/prix-liposuccion-tunisie\\\/#primaryimage\",\"url\":\"https:\\\/\\\/www.medespoir.ch\\\/blog\\\/wp-content\\\/uploads\\\/2021\\\/03\\\/lipo.jpg\",\"contentUrl\":\"https:\\\/\\\/www.medespoir.ch\\\/blog\\\/wp-content\\\/uploads\\\/2021\\\/03\\\/lipo.jpg\",\"width\":1170,\"height\":658,\"caption\":\"Liposuccion Tunisie\"},{\"@type\":\"BreadcrumbList\",\"@id\":\"https:\\\/\\\/www.medespoir.ch\\\/blog\\\/prix-liposuccion-tunisie\\\/#breadcrumb\",\"itemListElement\":[{\"@type\":\"ListItem\",\"position\":1,\"name\":\"Accueil\",\"item\":\"https:\\\/\\\/www.medespoir.ch\\\/blog\\\/\"},{\"@type\":\"ListItem\",\"position\":2,\"name\":\"Prix liposuccion Tunisie\u00a0: sculpter votre silhouette\"}]},{\"@type\":\"WebSite\",\"@id\":\"https:\\\/\\\/www.medespoir.ch\\\/blog\\\/#website\",\"url\":\"https:\\\/\\\/www.medespoir.ch\\\/blog\\\/\",\"name\":\"Actualit\u00e9s\",\"description\":\"tout ce qui est en rapport avec la chirurgie esth\u00e9tique\",\"potentialAction\":[{\"@type\":\"SearchAction\",\"target\":{\"@type\":\"EntryPoint\",\"urlTemplate\":\"https:\\\/\\\/www.medespoir.ch\\\/blog\\\/?s={search_term_string}\"},\"query-input\":{\"@type\":\"PropertyValueSpecification\",\"valueRequired\":true,\"valueName\":\"search_term_string\"}}],\"inLanguage\":\"fr-FR\"}]}<\/script>\n<!-- \/ Yoast SEO plugin. -->","yoast_head_json":{"title":"Prix liposuccion Tunisie : tarif liposuccion pas cher en Tunisie","description":"Prix liposuccion Tunisie : tarif liposuccion pas cher en Tunisie, devis gratuit liposuccion en Tunisie dans une clinique internationale","robots":{"index":"index","follow":"follow","max-snippet":"max-snippet:-1","max-image-preview":"max-image-preview:large","max-video-preview":"max-video-preview:-1"},"canonical":"https:\/\/www.medespoir.ch\/blog\/prix-liposuccion-tunisie\/","og_locale":"fr_FR","og_type":"article","og_title":"Prix liposuccion Tunisie : tarif liposuccion pas cher en Tunisie","og_description":"Prix liposuccion Tunisie : tarif liposuccion pas cher en Tunisie, devis gratuit liposuccion en Tunisie dans une clinique internationale","og_url":"https:\/\/www.medespoir.ch\/blog\/prix-liposuccion-tunisie\/","og_site_name":"Actualit\u00e9s","article_modified_time":"2021-03-10T15:17:52+00:00","og_image":[{"width":1170,"height":658,"url":"https:\/\/www.medespoir.ch\/blog\/wp-content\/uploads\/2021\/03\/lipo.jpg","type":"image\/jpeg"}],"twitter_card":"summary_large_image","twitter_misc":{"Dur\u00e9e de lecture estim\u00e9e":"3 minutes"},"schema":{"@context":"https:\/\/schema.org","@graph":[{"@type":"WebPage","@id":"https:\/\/www.medespoir.ch\/blog\/prix-liposuccion-tunisie\/","url":"https:\/\/www.medespoir.ch\/blog\/prix-liposuccion-tunisie\/","name":"Prix liposuccion Tunisie : tarif liposuccion pas cher en Tunisie","isPartOf":{"@id":"https:\/\/www.medespoir.ch\/blog\/#website"},"primaryImageOfPage":{"@id":"https:\/\/www.medespoir.ch\/blog\/prix-liposuccion-tunisie\/#primaryimage"},"image":{"@id":"https:\/\/www.medespoir.ch\/blog\/prix-liposuccion-tunisie\/#primaryimage"},"thumbnailUrl":"https:\/\/www.medespoir.ch\/blog\/wp-content\/uploads\/2021\/03\/lipo.jpg","datePublished":"2021-03-10T14:28:34+00:00","dateModified":"2021-03-10T15:17:52+00:00","description":"Prix liposuccion Tunisie : tarif liposuccion pas cher en Tunisie, devis gratuit liposuccion en Tunisie dans une clinique internationale","breadcrumb":{"@id":"https:\/\/www.medespoir.ch\/blog\/prix-liposuccion-tunisie\/#breadcrumb"},"inLanguage":"fr-FR","potentialAction":[{"@type":"ReadAction","target":["https:\/\/www.medespoir.ch\/blog\/prix-liposuccion-tunisie\/"]}]},{"@type":"ImageObject","inLanguage":"fr-FR","@id":"https:\/\/www.medespoir.ch\/blog\/prix-liposuccion-tunisie\/#primaryimage","url":"https:\/\/www.medespoir.ch\/blog\/wp-content\/uploads\/2021\/03\/lipo.jpg","contentUrl":"https:\/\/www.medespoir.ch\/blog\/wp-content\/uploads\/2021\/03\/lipo.jpg","width":1170,"height":658,"caption":"Liposuccion Tunisie"},{"@type":"BreadcrumbList","@id":"https:\/\/www.medespoir.ch\/blog\/prix-liposuccion-tunisie\/#breadcrumb","itemListElement":[{"@type":"ListItem","position":1,"name":"Accueil","item":"https:\/\/www.medespoir.ch\/blog\/"},{"@type":"ListItem","position":2,"name":"Prix liposuccion Tunisie\u00a0: sculpter votre silhouette"}]},{"@type":"WebSite","@id":"https:\/\/www.medespoir.ch\/blog\/#website","url":"https:\/\/www.medespoir.ch\/blog\/","name":"Actualit\u00e9s","description":"tout ce qui est en rapport avec la chirurgie esth\u00e9tique","potentialAction":[{"@type":"SearchAction","target":{"@type":"EntryPoint","urlTemplate":"https:\/\/www.medespoir.ch\/blog\/?s={search_term_string}"},"query-input":{"@type":"PropertyValueSpecification","valueRequired":true,"valueName":"search_term_string"}}],"inLanguage":"fr-FR"}]}},"_links":{"self":[{"href":"https:\/\/www.medespoir.ch\/blog\/wp-json\/wp\/v2\/pages\/1772","targetHints":{"allow":["GET"]}}],"collection":[{"href":"https:\/\/www.medespoir.ch\/blog\/wp-json\/wp\/v2\/pages"}],"about":[{"href":"https:\/\/www.medespoir.ch\/blog\/wp-json\/wp\/v2\/types\/page"}],"author":[{"embeddable":true,"href":"https:\/\/www.medespoir.ch\/blog\/wp-json\/wp\/v2\/users\/2"}],"replies":[{"embeddable":true,"href":"https:\/\/www.medespoir.ch\/blog\/wp-json\/wp\/v2\/comments?post=1772"}],"version-history":[{"count":3,"href":"https:\/\/www.medespoir.ch\/blog\/wp-json\/wp\/v2\/pages\/1772\/revisions"}],"predecessor-version":[{"id":1777,"href":"https:\/\/www.medespoir.ch\/blog\/wp-json\/wp\/v2\/pages\/1772\/revisions\/1777"}],"wp:featuredmedia":[{"embeddable":true,"href":"https:\/\/www.medespoir.ch\/blog\/wp-json\/wp\/v2\/media\/1774"}],"wp:attachment":[{"href":"https:\/\/www.medespoir.ch\/blog\/wp-json\/wp\/v2\/media?parent=1772"}],"curies":[{"name":"wp","href":"https:\/\/api.w.org\/{rel}","templated":true}]}}