{"id":1816,"date":"2021-03-30T11:56:16","date_gmt":"2021-03-30T09:56:16","guid":{"rendered":"https:\/\/www.medespoir.ch\/blog\/?page_id=1816"},"modified":"2021-11-23T12:14:09","modified_gmt":"2021-11-23T11:14:09","slug":"rihanna-star-chirurgie-esthetique","status":"publish","type":"page","link":"https:\/\/www.medespoir.ch\/blog\/rihanna-star-chirurgie-esthetique\/","title":{"rendered":"Rihanna une pop star qui t\u00e9moigne le succ\u00e8s de la chirurgie esth\u00e9tique des c\u00e9l\u00e9brit\u00e9s"},"content":{"rendered":"<p><img loading=\"lazy\" decoding=\"async\" class=\"wp-image-1819 alignright\" src=\"https:\/\/www.medespoir.ch\/blog\/wp-content\/uploads\/2021\/03\/Rihanna-300x150.jpg\" alt=\"\" width=\"466\" height=\"233\" srcset=\"https:\/\/www.medespoir.ch\/blog\/wp-content\/uploads\/2021\/03\/Rihanna-300x150.jpg 300w, https:\/\/www.medespoir.ch\/blog\/wp-content\/uploads\/2021\/03\/Rihanna-540x270.jpg 540w, https:\/\/www.medespoir.ch\/blog\/wp-content\/uploads\/2021\/03\/Rihanna.jpg 620w\" sizes=\"auto, (max-width: 466px) 100vw, 466px\" \/><\/p>\n<p>Connue pour sa c\u00e9l\u00e8bre photo avec Macron. Rihanna une pop star mondiale est connue comme\u00a0 star de la musique, actrice et cr\u00e9atrice de mode. Cette star est consid\u00e9r\u00e9e comme mod\u00e8le de style de vie chic et une ic\u00f4ne de la beaut\u00e9. Elle a remport\u00e9 de nombreuses r\u00e9compenses au cours de sa carri\u00e8re musicale telles que la r\u00e9compense Grammy, American Music Awards, Billboard Music Awards et bien d&rsquo;autres. \u00a0Elle a sorti de nombreux singles et plusieurs albums et reste toujours dans les sondages comme l&rsquo;une des plus populaires stars au monde dans le style pop. \u00c0 part son statut de star, elle reste toujours une femme, elle a la volont\u00e9 comme toutes les femmes de rester belle le plus longtemps possible. Comment a-t-elle r\u00e9ussi \u00e0 atteindre son objectif ?<\/p>\n<h2><\/h2>\n<h2>La chirurgie esth\u00e9tique du nez de Rihanna<\/h2>\n<p><img loading=\"lazy\" decoding=\"async\" class=\" wp-image-1821 alignright\" src=\"https:\/\/www.medespoir.ch\/blog\/wp-content\/uploads\/2021\/03\/Rihanna-avant-apres-rhinoplastie-300x223.jpg\" alt=\"\" width=\"435\" height=\"324\" srcset=\"https:\/\/www.medespoir.ch\/blog\/wp-content\/uploads\/2021\/03\/Rihanna-avant-apres-rhinoplastie-300x223.jpg 300w, https:\/\/www.medespoir.ch\/blog\/wp-content\/uploads\/2021\/03\/Rihanna-avant-apres-rhinoplastie-364x270.jpg 364w, https:\/\/www.medespoir.ch\/blog\/wp-content\/uploads\/2021\/03\/Rihanna-avant-apres-rhinoplastie.jpg 674w\" sizes=\"auto, (max-width: 435px) 100vw, 435px\" \/><\/p>\n<p>La r\u00e9ponse \u00e0 cette question est <a href=\"https:\/\/www.medespoir.ch\">la chirurgie esth\u00e9tique<\/a> sans aucun doute, et Rihanna ne fait pas exception comme de nombreuses stars c\u00e9l\u00e8bres \u00e0 ce sujet. Rihanna ainsi que de nombreuses autres stars de pop ont subi des changements sur leurs corps et visages. La chirurgie esth\u00e9tique de Rihanna a ajout\u00e9 de la beaut\u00e9 au monde de la musique. Il est \u00e9vident que ces op\u00e9rations ont eu lieu sur le visage de Rihanna, et c&rsquo;est clair pour tout le monde. Les gens disent que la chirurgie est le r\u00e9sultat d&rsquo;une d\u00e9cision de la star, en r\u00e9alit\u00e9 elle peut \u00eatre une d\u00e9cision des fans. La pression de la foule exerc\u00e9e sur Rihanna est \u00e0 l&rsquo;origine de ce changement. \u00a0Si on doit parler de ce qui a chang\u00e9 dans son visage, on peut certainement dire que c&rsquo;\u00e9tait son nez et son look tr\u00e8s jeunement magnifique.<\/p>\n<p>Actuellement, elle a un nez pointu et un visage \u00e9troit, ce qui est particuli\u00e8rement visible sur ses photos r\u00e9centes. Sa rhinoplastie a \u00e9t\u00e9 un grand succ\u00e8s et a affect\u00e9 positivement la forme de son nez. En outre, cela a ajout\u00e9 sa confiance non seulement dans son look, mais aussi dans toutes les captures et les vid\u00e9os qu&rsquo;elle a diffus\u00e9es.<\/p>\n<h2>La chirurgie esth\u00e9tique du corps de Rihanna<\/h2>\n<p>&nbsp;<\/p>\n<p>Elle n&rsquo;a jamais dit un mot sur cette situation, mais les sp\u00e9culations parmi les fans lui ont fait dire la v\u00e9rit\u00e9. Les gens qui suivent sa carri\u00e8re peuvent facilement observer ses changements avant et apr\u00e8s et remarquer ses muscles en forme et sa silhouette \u00e9lanc\u00e9e et mince. Une autre chose qu&rsquo;elle a chang\u00e9e est un son corps parfait.<\/p>\n<p><img loading=\"lazy\" decoding=\"async\" class=\"alignnone wp-image-1834\" src=\"https:\/\/www.medespoir.ch\/blog\/wp-content\/uploads\/2021\/03\/rihanna-corps-300x169.jpg\" alt=\"corps Rihanna\" width=\"625\" height=\"352\" srcset=\"https:\/\/www.medespoir.ch\/blog\/wp-content\/uploads\/2021\/03\/rihanna-corps-300x169.jpg 300w, https:\/\/www.medespoir.ch\/blog\/wp-content\/uploads\/2021\/03\/rihanna-corps-1024x576.jpg 1024w, https:\/\/www.medespoir.ch\/blog\/wp-content\/uploads\/2021\/03\/rihanna-corps-768x432.jpg 768w, https:\/\/www.medespoir.ch\/blog\/wp-content\/uploads\/2021\/03\/rihanna-corps-480x270.jpg 480w, https:\/\/www.medespoir.ch\/blog\/wp-content\/uploads\/2021\/03\/rihanna-corps.jpg 1280w\" sizes=\"auto, (max-width: 625px) 100vw, 625px\" \/><\/p>\n<p>&nbsp;<\/p>\n<h2>Rihanna a-t-elle offerte une chirurgie esth\u00e9tique des seins<\/h2>\n<p>&nbsp;<\/p>\n<p><img loading=\"lazy\" decoding=\"async\" class=\" wp-image-1824 alignright\" src=\"https:\/\/www.medespoir.ch\/blog\/wp-content\/uploads\/2021\/03\/avant-apres-seins-rihanna-300x272.png\" alt=\"Rihanna seins avant apr\u00e8s\" width=\"406\" height=\"368\" srcset=\"https:\/\/www.medespoir.ch\/blog\/wp-content\/uploads\/2021\/03\/avant-apres-seins-rihanna-300x272.png 300w, https:\/\/www.medespoir.ch\/blog\/wp-content\/uploads\/2021\/03\/avant-apres-seins-rihanna-298x270.png 298w, https:\/\/www.medespoir.ch\/blog\/wp-content\/uploads\/2021\/03\/avant-apres-seins-rihanna.png 432w\" sizes=\"auto, (max-width: 406px) 100vw, 406px\" \/>Apr\u00e8s Rihanna de nombreux stars musique se sont soumis \u00e0 la magie du scalpel et commenc\u00e9 \u00e0 changer leurs corps avec des chirurgies parfois tr\u00e8s lourdes dans le souhait d\u2019obtenir un aspect plus joli du visage ou du corps. Habituellement, c&rsquo;est la m\u00eame modification g\u00e9n\u00e9rique de nez ethnique qui est une pratique courante chez les hommes et les femmes africains. Mais il y a une autre op\u00e9ration qui a fait le boom apr\u00e8s la chirurgie de Rihanna, l&rsquo;augmentation mammaire chez les stars. De nombreuses femmes ne sont pas satisfaites des seins naturels qui tentent de changer la taille et la forme \u00e0 l&rsquo;aide d&rsquo;implants mammaires. Et peu importe combien cela co\u00fbte, l&rsquo;effet est bien plus pr\u00e9cieux que la douleur ressentie. Chaque star, y compris Rihanna, souhaite \u00eatre attrayante \u00e0 tout moment et \u00e0 tout \u00e2ge, et les seins sont \u00e9galement une cl\u00e9 du succ\u00e8s \u00e0 ce niveau. Rihanna n&rsquo;a jamais parl\u00e9 de sa chirurgie du sein, mais de nombreux chirurgiens professionnels consid\u00e8rent que cette op\u00e9ration a eu lieu et que le r\u00e9sultat de celle-ci prouve qu&rsquo;elle a \u00e9t\u00e9 r\u00e9alis\u00e9e depuis quelques ann\u00e9es. Outre le nez et la poitrine, elle essaie \u00e9galement d&rsquo;am\u00e9liorer sa fa\u00e7on de marcher en ajoutant un peu de modestie \u00e0 son m\u00e9tier. Le look d&rsquo;une star est la moiti\u00e9 du succ\u00e8s, donc tout le monde comprend pourquoi beaucoup d&rsquo;entre eux se torturent soumises au scalpel avec des op\u00e9rations difficiles. La chirurgie plastique donne la chance de continuer la vie toujours sur sc\u00e8ne, et bien que Rihanna soit trop jeune pour quitter le podium de la musique, elle veut \u00eatre parfaite pour ses fans et cela est expliqu\u00e9 par toutes ces chirurgies.<\/p>\n<p>Le plus grand avantage qui a fait le succ\u00e8s de ses chirurgies esth\u00e9tiques est la discr\u00e9tion en plus que la meilleure qualit\u00e9, car Rihanna a toujours l&rsquo;air naturelle et sa chirurgie est \u00e0 peine reconnaissable par rapport \u00e0 de nombreuses autres c\u00e9l\u00e9brit\u00e9s. Et si la star n&rsquo;a pas parl\u00e9 de ses chirurgies aucun ne peut se rendre compte de ce qu&rsquo;elle avait fait.<\/p>\n<p>&nbsp;<\/p>\n<h2>Rihanna un t\u00e9moin de succ\u00e8s de la chirurgie esth\u00e9tique des stars<\/h2>\n<p><img loading=\"lazy\" decoding=\"async\" class=\"wp-image-1826 alignnone\" src=\"https:\/\/www.medespoir.ch\/blog\/wp-content\/uploads\/2021\/03\/corps-Rihanna-Alessandra-Ambrosio-300x223.jpg\" alt=\"\" width=\"599\" height=\"445\" srcset=\"https:\/\/www.medespoir.ch\/blog\/wp-content\/uploads\/2021\/03\/corps-Rihanna-Alessandra-Ambrosio-300x223.jpg 300w, https:\/\/www.medespoir.ch\/blog\/wp-content\/uploads\/2021\/03\/corps-Rihanna-Alessandra-Ambrosio-364x270.jpg 364w, https:\/\/www.medespoir.ch\/blog\/wp-content\/uploads\/2021\/03\/corps-Rihanna-Alessandra-Ambrosio.jpg 674w\" sizes=\"auto, (max-width: 599px) 100vw, 599px\" \/><\/p>\n<p>La chanteuse Rihanna a r\u00e9ussi a captiver les fans du monde entier. Elle s&rsquo;est transform\u00e9e en icone de la beaut\u00e9 des stars ; lan\u00e7ant des tendances avec sa coiffure et son maquillage et m\u00eame ses v\u00eatements. La chanteuse inspire une nouvelle tendance mais celle-ci est un peu plus permanente. \u00ab Les chirurgiens plasticiens signalent que de nombreuses femmes d&rsquo;origine africain viennent et demandent le nez de Rihanna \u00bb, explique le Dr Sami Mezhoud, chirurgien plasticien \u00e0 Tunis, clinique Medespoir. Selon Mezhoud, les demandes de parties du corps de c\u00e9l\u00e9brit\u00e9s n&rsquo;ont rien de nouveau mais cette nouvelle tendance est quelque peu diff\u00e9rente. \u00ab La chose positive \u00e0 propos de cette inspiration particuli\u00e8re de c\u00e9l\u00e9brit\u00e9 est que son nez est tr\u00e8s naturel. Si elle (Rihanna) a fait un changement, alors je pense que c&rsquo;est tellement subtil \u00bb, dit Docteur Sami. \u00ab Ce que les femmes aiment dans le nez de Rihanna, c&rsquo;est qu&rsquo;il est sym\u00e9trique, mais qu&rsquo;il est totalement adapt\u00e9 \u00e0 son visage. Elle n&rsquo;est pas Rihanna avec un nez Kardashian. Elle est Rihanna avec le nez de Rihanna. Et c&rsquo;est ce que les patients ont commenc\u00e9 \u00e0 adopter \u00bb, ajoute-t-il. Les femmes ont compris qu&rsquo;ils ne doivent pas ressembler \u00e0 leurs idoles mais plut\u00f4t \u00e0 elles-m\u00eames \u00ab\u00a0Pas de changements drastiques ou de nez de quelqu&rsquo;un d&rsquo;autre, mais un changement suffisamment important pour qu&rsquo;elles soient plus \u00e0 l&rsquo;aise dans leur propre peau.\u00a0\u00bb<\/p>\n<h2>Alors, que devrait faire une patiente si elle veut le nez de Rihanna ou de toute autre c\u00e9l\u00e9brit\u00e9 ?<\/h2>\n<p>&nbsp;<\/p>\n<p>Docteur Mezhoud r\u00e9pond \u00e0 cette question :<\/p>\n<p>\u00ab Eh bien, demandez-vous d&rsquo;abord ce que vous aimez dans votre propre nez, et qu&rsquo;est-ce que vous aimeriez pouvoir changer, Puis demandez-vous ce que vous aimez exactement dans le nez de cette c\u00e9l\u00e9brit\u00e9. Lorsque vous savez cela, vous pouvez d\u00e9terminer ce que vous recherchez avec vos propres r\u00e9sultats. \u00bb Bien que toujours r\u00e9fut\u00e9s par les stars elles-m\u00eames, de nombreuses rumeurs circulent depuis plusieurs ann\u00e9es sur son possible recours \u00e0 la chirurgie esth\u00e9tique parmi les stars. Gr\u00e2ce \u00e0 des photos avant\/apr\u00e8s, nous vous laissons le soin de deviner si les belles stars ont malgr\u00e9 tout fini par c\u00e9der aux sir\u00e8nes de la perfection physique. Aujourd\u2019hui \u00e0 la t\u00eate d\u2019un v\u00e9ritable empire de la beaut\u00e9 et de la mode gr\u00e2ce \u00e0 sa marque Fenty, la chanteuse aux millions d\u2019albums vendus arbore un physique de r\u00eave depuis ses d\u00e9buts dans la musique. D\u00e9j\u00e0 au temps d\u2019Umbrella, Rihanna ne cachait pas ses courbes parfaites. Silhouette glamour et peau d\u00e9nu\u00e9e d\u2019imperfections, la femme d\u2019affaires a fini par d\u00e9tenir les r\u00eanes d\u2019une influence physique ind\u00e9niable.<\/p>\n","protected":false},"excerpt":{"rendered":"<p>Connue pour sa c\u00e9l\u00e8bre photo avec Macron. Rihanna une pop star mondiale est connue comme\u00a0 star de la musique, actrice et cr\u00e9atrice de mode. Cette star est consid\u00e9r\u00e9e comme mod\u00e8le de style de vie chic et une ic\u00f4ne de la beaut\u00e9. Elle a remport\u00e9 de nombreuses r\u00e9compenses au cours de sa carri\u00e8re musicale telles que la r\u00e9compense Grammy, American Music Awards, Billboard Music Awards et bien d&rsquo;autres. \u00a0Elle a sorti de nombreux singles et plusieurs albums et reste toujours dans&#8230;<\/p>\n<p class=\"read-more\"><a class=\"btn btn-default\" href=\"https:\/\/www.medespoir.ch\/blog\/rihanna-star-chirurgie-esthetique\/\">Lire la suite<span class=\"screen-reader-text\"> Lire la suite<\/span><\/a><\/p>\n","protected":false},"author":2,"featured_media":0,"parent":0,"menu_order":0,"comment_status":"closed","ping_status":"closed","template":"","meta":{"footnotes":""},"class_list":["post-1816","page","type-page","status-publish","hentry"],"yoast_head":"<!-- This site is optimized with the Yoast SEO plugin v27.4 - https:\/\/yoast.com\/product\/yoast-seo-wordpress\/ -->\n<title>Rihanna star chirurgie esth\u00e9tique : Rihanna star chirurgie esth\u00e9tique 2021<\/title>\n<meta name=\"description\" content=\"Rihanna star chirurgie esth\u00e9tique, la star a t-elle recouru \u00e0 la chirurgie esth\u00e9tique seins, visage et corps retrouvez ici les r\u00e9ponses\" \/>\n<meta name=\"robots\" content=\"index, follow, max-snippet:-1, max-image-preview:large, max-video-preview:-1\" \/>\n<link rel=\"canonical\" href=\"https:\/\/www.medespoir.ch\/blog\/rihanna-star-chirurgie-esthetique\/\" \/>\n<meta property=\"og:locale\" content=\"fr_FR\" \/>\n<meta property=\"og:type\" content=\"article\" \/>\n<meta property=\"og:title\" content=\"Rihanna star chirurgie esth\u00e9tique : Rihanna star chirurgie esth\u00e9tique 2021\" \/>\n<meta property=\"og:description\" content=\"Rihanna star chirurgie esth\u00e9tique, la star a t-elle recouru \u00e0 la chirurgie esth\u00e9tique seins, visage et corps retrouvez ici les r\u00e9ponses\" \/>\n<meta property=\"og:url\" content=\"https:\/\/www.medespoir.ch\/blog\/rihanna-star-chirurgie-esthetique\/\" \/>\n<meta property=\"og:site_name\" content=\"Actualit\u00e9s\" \/>\n<meta property=\"article:modified_time\" content=\"2021-11-23T11:14:09+00:00\" \/>\n<meta property=\"og:image\" content=\"https:\/\/www.medespoir.ch\/blog\/wp-content\/uploads\/2021\/03\/Rihanna-300x150.jpg\" \/>\n<meta name=\"twitter:card\" content=\"summary_large_image\" \/>\n<meta name=\"twitter:label1\" content=\"Dur\u00e9e de lecture estim\u00e9e\" \/>\n\t<meta name=\"twitter:data1\" content=\"7 minutes\" \/>\n<script type=\"application\/ld+json\" class=\"yoast-schema-graph\">{\"@context\":\"https:\\\/\\\/schema.org\",\"@graph\":[{\"@type\":\"WebPage\",\"@id\":\"https:\\\/\\\/www.medespoir.ch\\\/blog\\\/rihanna-star-chirurgie-esthetique\\\/\",\"url\":\"https:\\\/\\\/www.medespoir.ch\\\/blog\\\/rihanna-star-chirurgie-esthetique\\\/\",\"name\":\"Rihanna star chirurgie esth\u00e9tique : Rihanna star chirurgie esth\u00e9tique 2021\",\"isPartOf\":{\"@id\":\"https:\\\/\\\/www.medespoir.ch\\\/blog\\\/#website\"},\"primaryImageOfPage\":{\"@id\":\"https:\\\/\\\/www.medespoir.ch\\\/blog\\\/rihanna-star-chirurgie-esthetique\\\/#primaryimage\"},\"image\":{\"@id\":\"https:\\\/\\\/www.medespoir.ch\\\/blog\\\/rihanna-star-chirurgie-esthetique\\\/#primaryimage\"},\"thumbnailUrl\":\"https:\\\/\\\/www.medespoir.ch\\\/blog\\\/wp-content\\\/uploads\\\/2021\\\/03\\\/Rihanna-300x150.jpg\",\"datePublished\":\"2021-03-30T09:56:16+00:00\",\"dateModified\":\"2021-11-23T11:14:09+00:00\",\"description\":\"Rihanna star chirurgie esth\u00e9tique, la star a t-elle recouru \u00e0 la chirurgie esth\u00e9tique seins, visage et corps retrouvez ici les r\u00e9ponses\",\"breadcrumb\":{\"@id\":\"https:\\\/\\\/www.medespoir.ch\\\/blog\\\/rihanna-star-chirurgie-esthetique\\\/#breadcrumb\"},\"inLanguage\":\"fr-FR\",\"potentialAction\":[{\"@type\":\"ReadAction\",\"target\":[\"https:\\\/\\\/www.medespoir.ch\\\/blog\\\/rihanna-star-chirurgie-esthetique\\\/\"]}]},{\"@type\":\"ImageObject\",\"inLanguage\":\"fr-FR\",\"@id\":\"https:\\\/\\\/www.medespoir.ch\\\/blog\\\/rihanna-star-chirurgie-esthetique\\\/#primaryimage\",\"url\":\"https:\\\/\\\/www.medespoir.ch\\\/blog\\\/wp-content\\\/uploads\\\/2021\\\/03\\\/Rihanna.jpg\",\"contentUrl\":\"https:\\\/\\\/www.medespoir.ch\\\/blog\\\/wp-content\\\/uploads\\\/2021\\\/03\\\/Rihanna.jpg\",\"width\":620,\"height\":310},{\"@type\":\"BreadcrumbList\",\"@id\":\"https:\\\/\\\/www.medespoir.ch\\\/blog\\\/rihanna-star-chirurgie-esthetique\\\/#breadcrumb\",\"itemListElement\":[{\"@type\":\"ListItem\",\"position\":1,\"name\":\"Accueil\",\"item\":\"https:\\\/\\\/www.medespoir.ch\\\/blog\\\/\"},{\"@type\":\"ListItem\",\"position\":2,\"name\":\"Rihanna une pop star qui t\u00e9moigne le succ\u00e8s de la chirurgie esth\u00e9tique des c\u00e9l\u00e9brit\u00e9s\"}]},{\"@type\":\"WebSite\",\"@id\":\"https:\\\/\\\/www.medespoir.ch\\\/blog\\\/#website\",\"url\":\"https:\\\/\\\/www.medespoir.ch\\\/blog\\\/\",\"name\":\"Actualit\u00e9s\",\"description\":\"tout ce qui est en rapport avec la chirurgie esth\u00e9tique\",\"potentialAction\":[{\"@type\":\"SearchAction\",\"target\":{\"@type\":\"EntryPoint\",\"urlTemplate\":\"https:\\\/\\\/www.medespoir.ch\\\/blog\\\/?s={search_term_string}\"},\"query-input\":{\"@type\":\"PropertyValueSpecification\",\"valueRequired\":true,\"valueName\":\"search_term_string\"}}],\"inLanguage\":\"fr-FR\"}]}<\/script>\n<!-- \/ Yoast SEO plugin. -->","yoast_head_json":{"title":"Rihanna star chirurgie esth\u00e9tique : Rihanna star chirurgie esth\u00e9tique 2021","description":"Rihanna star chirurgie esth\u00e9tique, la star a t-elle recouru \u00e0 la chirurgie esth\u00e9tique seins, visage et corps retrouvez ici les r\u00e9ponses","robots":{"index":"index","follow":"follow","max-snippet":"max-snippet:-1","max-image-preview":"max-image-preview:large","max-video-preview":"max-video-preview:-1"},"canonical":"https:\/\/www.medespoir.ch\/blog\/rihanna-star-chirurgie-esthetique\/","og_locale":"fr_FR","og_type":"article","og_title":"Rihanna star chirurgie esth\u00e9tique : Rihanna star chirurgie esth\u00e9tique 2021","og_description":"Rihanna star chirurgie esth\u00e9tique, la star a t-elle recouru \u00e0 la chirurgie esth\u00e9tique seins, visage et corps retrouvez ici les r\u00e9ponses","og_url":"https:\/\/www.medespoir.ch\/blog\/rihanna-star-chirurgie-esthetique\/","og_site_name":"Actualit\u00e9s","article_modified_time":"2021-11-23T11:14:09+00:00","og_image":[{"url":"https:\/\/www.medespoir.ch\/blog\/wp-content\/uploads\/2021\/03\/Rihanna-300x150.jpg","type":"","width":"","height":""}],"twitter_card":"summary_large_image","twitter_misc":{"Dur\u00e9e de lecture estim\u00e9e":"7 minutes"},"schema":{"@context":"https:\/\/schema.org","@graph":[{"@type":"WebPage","@id":"https:\/\/www.medespoir.ch\/blog\/rihanna-star-chirurgie-esthetique\/","url":"https:\/\/www.medespoir.ch\/blog\/rihanna-star-chirurgie-esthetique\/","name":"Rihanna star chirurgie esth\u00e9tique : Rihanna star chirurgie esth\u00e9tique 2021","isPartOf":{"@id":"https:\/\/www.medespoir.ch\/blog\/#website"},"primaryImageOfPage":{"@id":"https:\/\/www.medespoir.ch\/blog\/rihanna-star-chirurgie-esthetique\/#primaryimage"},"image":{"@id":"https:\/\/www.medespoir.ch\/blog\/rihanna-star-chirurgie-esthetique\/#primaryimage"},"thumbnailUrl":"https:\/\/www.medespoir.ch\/blog\/wp-content\/uploads\/2021\/03\/Rihanna-300x150.jpg","datePublished":"2021-03-30T09:56:16+00:00","dateModified":"2021-11-23T11:14:09+00:00","description":"Rihanna star chirurgie esth\u00e9tique, la star a t-elle recouru \u00e0 la chirurgie esth\u00e9tique seins, visage et corps retrouvez ici les r\u00e9ponses","breadcrumb":{"@id":"https:\/\/www.medespoir.ch\/blog\/rihanna-star-chirurgie-esthetique\/#breadcrumb"},"inLanguage":"fr-FR","potentialAction":[{"@type":"ReadAction","target":["https:\/\/www.medespoir.ch\/blog\/rihanna-star-chirurgie-esthetique\/"]}]},{"@type":"ImageObject","inLanguage":"fr-FR","@id":"https:\/\/www.medespoir.ch\/blog\/rihanna-star-chirurgie-esthetique\/#primaryimage","url":"https:\/\/www.medespoir.ch\/blog\/wp-content\/uploads\/2021\/03\/Rihanna.jpg","contentUrl":"https:\/\/www.medespoir.ch\/blog\/wp-content\/uploads\/2021\/03\/Rihanna.jpg","width":620,"height":310},{"@type":"BreadcrumbList","@id":"https:\/\/www.medespoir.ch\/blog\/rihanna-star-chirurgie-esthetique\/#breadcrumb","itemListElement":[{"@type":"ListItem","position":1,"name":"Accueil","item":"https:\/\/www.medespoir.ch\/blog\/"},{"@type":"ListItem","position":2,"name":"Rihanna une pop star qui t\u00e9moigne le succ\u00e8s de la chirurgie esth\u00e9tique des c\u00e9l\u00e9brit\u00e9s"}]},{"@type":"WebSite","@id":"https:\/\/www.medespoir.ch\/blog\/#website","url":"https:\/\/www.medespoir.ch\/blog\/","name":"Actualit\u00e9s","description":"tout ce qui est en rapport avec la chirurgie esth\u00e9tique","potentialAction":[{"@type":"SearchAction","target":{"@type":"EntryPoint","urlTemplate":"https:\/\/www.medespoir.ch\/blog\/?s={search_term_string}"},"query-input":{"@type":"PropertyValueSpecification","valueRequired":true,"valueName":"search_term_string"}}],"inLanguage":"fr-FR"}]}},"_links":{"self":[{"href":"https:\/\/www.medespoir.ch\/blog\/wp-json\/wp\/v2\/pages\/1816","targetHints":{"allow":["GET"]}}],"collection":[{"href":"https:\/\/www.medespoir.ch\/blog\/wp-json\/wp\/v2\/pages"}],"about":[{"href":"https:\/\/www.medespoir.ch\/blog\/wp-json\/wp\/v2\/types\/page"}],"author":[{"embeddable":true,"href":"https:\/\/www.medespoir.ch\/blog\/wp-json\/wp\/v2\/users\/2"}],"replies":[{"embeddable":true,"href":"https:\/\/www.medespoir.ch\/blog\/wp-json\/wp\/v2\/comments?post=1816"}],"version-history":[{"count":15,"href":"https:\/\/www.medespoir.ch\/blog\/wp-json\/wp\/v2\/pages\/1816\/revisions"}],"predecessor-version":[{"id":2551,"href":"https:\/\/www.medespoir.ch\/blog\/wp-json\/wp\/v2\/pages\/1816\/revisions\/2551"}],"wp:attachment":[{"href":"https:\/\/www.medespoir.ch\/blog\/wp-json\/wp\/v2\/media?parent=1816"}],"curies":[{"name":"wp","href":"https:\/\/api.w.org\/{rel}","templated":true}]}}