{"id":2552,"date":"2021-11-24T09:44:10","date_gmt":"2021-11-24T08:44:10","guid":{"rendered":"https:\/\/www.medespoir.ch\/blog\/?page_id=2552"},"modified":"2021-11-24T10:14:19","modified_gmt":"2021-11-24T09:14:19","slug":"angelina-star-chirurgie-seins","status":"publish","type":"page","link":"https:\/\/www.medespoir.ch\/blog\/angelina-star-chirurgie-seins\/","title":{"rendered":"Angelina Jolie : La plus jolie star qui dit oui \u00e0 la chirurgie des seins"},"content":{"rendered":"<p>La fille d&rsquo;Angelina Jolie, Shiloh Jolie-Pitt, est \u00e0 la mode en jean d\u00e9chir\u00e9 et sweat \u00e0 capuche sur le tapis rouge. Faisant \u00e0 la une de la Magazine Paper &amp; Glue, La fille d\u2019Angelina Jolie, Shiloh Jolie-Pitt, avait l&rsquo;air tr\u00e8s belle sans effort dans un jean d\u00e9chir\u00e9 et un sweat-shirt alors qu&rsquo;elle frappait le tapis rouge avec sa m\u00e8re et son fr\u00e8re Pax Jolie-Pitt. Pax, 17 ans, \u00e9tait v\u00eatu d&rsquo;une chemise \u00e0 carreaux et d&rsquo;un jean, qu&rsquo;il associ\u00e9 \u00e0 des baskets Converse comme sa s\u0153ur de 15 ans.<\/p>\n<p>Les fans qui ont h\u00e2te de voir l&rsquo;apparition des enfants de la vedette avec l&rsquo;ex-mari Brad Pitt apr\u00e8s qu&rsquo;elle en ait fait une affaire de famille lors d&rsquo;\u00e9v\u00e9nements r\u00e9cents. Angelina a jusqu&rsquo;\u00e0 pr\u00e9sent amen\u00e9 cinq de ses six enfants \u00e0 trois premiers \u00e9v\u00e8nements, apr\u00e8s avoir foul\u00e9 le tapis rouge \u00e0 Londres le 27 octobre dernier.<\/p>\n<p>&nbsp;<\/p>\n<p>Le trio s&rsquo;est habill\u00e9 en sport pour l&rsquo;\u00e9v\u00e9nement bas\u00e9 \u00e0 Los Angeles le jeudi 18 novembre, avec Angelina, qui a actuellement 46 ans, enfilant une robe \u00e0 col roul\u00e9 simple et chic.<\/p>\n<p>&nbsp;<\/p>\n<p>Au cours de cet \u00e9v\u00e9nement, Shiloh a vol\u00e9 la lumi\u00e8re des shootings de la vedette en portant l&rsquo;une des robes Dior vintage d&rsquo;Angelina. Angelina avait d\u00e9j\u00e0 port\u00e9 la pi\u00e8ce Dior automne\/hiver 2019-2020 lors de la promotion de Mal\u00e9fique : Ma\u00eetresse du Mal en 2019, qui a depuis \u00e9t\u00e9 ourl\u00e9e pour le look tapis rouge de Shiloh et ajust\u00e9e sur le d\u00e9collet\u00e9 et les bretelles.<\/p>\n<p><img loading=\"lazy\" decoding=\"async\" class=\"alignnone wp-image-2555 \" src=\"https:\/\/www.medespoir.ch\/blog\/wp-content\/uploads\/2021\/11\/angelina-jolie-chirurgie-seins.jpeg\" alt=\"\" width=\"1299\" height=\"866\" srcset=\"https:\/\/www.medespoir.ch\/blog\/wp-content\/uploads\/2021\/11\/angelina-jolie-chirurgie-seins.jpeg 1500w, https:\/\/www.medespoir.ch\/blog\/wp-content\/uploads\/2021\/11\/angelina-jolie-chirurgie-seins-300x200.jpeg 300w, https:\/\/www.medespoir.ch\/blog\/wp-content\/uploads\/2021\/11\/angelina-jolie-chirurgie-seins-1024x683.jpeg 1024w, https:\/\/www.medespoir.ch\/blog\/wp-content\/uploads\/2021\/11\/angelina-jolie-chirurgie-seins-768x512.jpeg 768w, https:\/\/www.medespoir.ch\/blog\/wp-content\/uploads\/2021\/11\/angelina-jolie-chirurgie-seins-405x270.jpeg 405w\" sizes=\"auto, (max-width: 1299px) 100vw, 1299px\" \/><\/p>\n<p>&nbsp;<\/p>\n<p>L\u2019actrice a jet\u00e9 un nouvel \u00e9clairage sur sa vie en tant que parent de six enfants dans People&rsquo;s 2021 Kindness Issue en septembre, un mois apr\u00e8s que le juge John Ouderkirk a \u00e9t\u00e9 disqualifi\u00e9 dans son affaire et celle de Brad, annulant ainsi une d\u00e9cision pr\u00e9c\u00e9dente qui accordait \u00e0 Brad plus de temps avec les cinq enfants mineurs du couple.<\/p>\n<p>&nbsp;<\/p>\n<p>En fait Angelina a demand\u00e9 le divorce de l\u2019acteur d\u2019Once Upon a Time apr\u00e8s une histoire d&rsquo;amour\u2026 L&rsquo;homme star Hollywood, 57 ans, et son ex sont s\u00e9par\u00e9s depuis 2016 et ils ont \u00e9t\u00e9 l\u00e9galement d\u00e9clar\u00e9s c\u00e9libataires en 2019 alors que les instances de leur divorce se poursuivent.<\/p>\n<p>&nbsp;<\/p>\n<p>Durant des moments en famille Angelina Jolie a d\u00e9clar\u00e9 \u00ab\u00a0Je ne suis en aucun cas une m\u00e8re parfaite\u00a0\u00bb, en ajoutant : \u00ab\u00a0Chaque jour, j&rsquo;ai l&rsquo;impression d&rsquo;\u00eatre plus consciente de tout ce que je ne fais pas bien. Et je suis assez dure avec moi-m\u00eame parce que je me dis souvent : \u00ab Est-ce que je fais ce qu&rsquo;il faut ? Ai-je parl\u00e9 avec les autres de la bonne fa\u00e7on ?&rsquo; \u00bb<\/p>\n<p>&nbsp;<\/p>\n<p>\u00ab [Mes enfants sont] des gens formidables, et parce qu&rsquo;ils sont si nombreux, je pense qu&rsquo;ils ont eu un effet tr\u00e8s important les uns sur les autres. Mes enfants ont fait beaucoup, de choses communes avec amour,\u00a0\u00bb a fi\u00e8rement partag\u00e9 Angelina. En parlant de son cancer elle a ajout\u00e9 \u00ab La gentillesse de mes enfants m&rsquo;a beaucoup gu\u00e9ri.\u00a0\u00bb<\/p>\n<p>&nbsp;<\/p>\n<p>Le chirurgien plasticien qui a r\u00e9alis\u00e9 la reconstruction mammaire d&rsquo;Angelina Jolie, Jay Orringer, est l&rsquo;un des chirurgiens les plus respect\u00e9s dans ce domaine. Dans un interview avec la Presse, il insiste sur l&rsquo;importance de s\u00e9lectionner le chirurgien plasticien ainsi que le chirurgien oncologique lors de vos op\u00e9rations esth\u00e9tiques.<\/p>\n<p>Le chirurgien oncologique est tr\u00e8s important dans son r\u00f4le humain et m\u00e9dical, car il ou elle fait la partie vitale de l&rsquo;op\u00e9ration. D&rsquo;autre part, c&rsquo;est le r\u00e9sultat de la reconstruction que le patient verra et ressentira au quotidien. De ce fait, il est inacceptable que la chirurgie ne donne pas esth\u00e9tiquement des r\u00e9sultats satisfaisants.<\/p>\n<p>&nbsp;<\/p>\n<p>Souvent, de multiples interventions chirurgicales et corrections futures sont impliqu\u00e9s dans la reconstruction mammaire. Ainsi, la relation d&rsquo;une femme avec son chirurgien plasticien devient tr\u00e8s importante sur le long terme. En tant que chirurgien plasticien, je peux \u00e9galement attester du fait que les r\u00e9sultats des reconstructions mammaires varient consid\u00e9rablement d&rsquo;un chirurgien plasticien \u00e0 l&rsquo;autre. Et bien qu&rsquo;une bonne op\u00e9ration du cancer du sein par un chirurgien oncologique soit tr\u00e8s importante, la survie au cancer du sein est plus grande si le r\u00e9sultat de la chirurgie oncologique et la biologie sous-jacente des cellules canc\u00e9reuses de chaque femme sont moins actives.<\/p>\n<p>&nbsp;<\/p>\n<p>Je crois que lorsqu&rsquo;un patient est diagnostiqu\u00e9 avec un cancer par un chirurgien oncologique \u00e0 la suite d&rsquo;une biopsie, ce chirurgien devrait prendre en charge les soins du patient, prendre les principales d\u00e9cisions concernant le chirurgien plasticien et les oncologues m\u00e9dicaux avec lesquels ils pensent \u00eatre exceller. Mais quand une patiente n&rsquo;a pas de cancer mais d\u00e9couvre qu&rsquo;elle a le g\u00e8ne du cancer du sein, je pense qu&rsquo;elle devrait d&rsquo;abord consulter un chirurgien plasticien et demander \u00e0 ce chirurgien plasticien de recommander le chirurgien oncologique qui, selon lui, r\u00e9alise la meilleure mastectomie. Une l\u00e9g\u00e8re diff\u00e9rence dans la mastectomie fait autant de diff\u00e9rence sur le r\u00e9sultat de la reconstruction mammaire. En effet, de nombreux chirurgiens plasticiens font eux-m\u00eames de tr\u00e8s r\u00e9ussites mastectomies canc\u00e9reuses \u00e7a d\u00e9pend alors de l&rsquo;exp\u00e9rience du chirurgien dans une telle op\u00e9ration.<\/p>\n<p>&nbsp;<\/p>\n<p>Angelina Jolie a eu la chance de trouver la meilleure chirurgienne oncologique, Kristi Funk, et un chirurgien plasticien d\u00e9vou\u00e9. Tout le monde peut faire ses propres recherches et trouver les meilleurs chirurgiens dans sa r\u00e9gion. Angelina Jolie avait \u00e9crit un \u00e9ditorial du New York Times r\u00e9v\u00e9lant qu&rsquo;elle avait subi une double mastectomie pr\u00e9ventive.<\/p>\n<p>La m\u00e8re de Jolie, l&rsquo;actrice Marcheline Bertrand, est d\u00e9c\u00e9d\u00e9e en 2007 \u00e0 59 ans \u00e0 la suite d&rsquo;un cancer du sein.\u00a0 De plus, ses m\u00e9decins ont r\u00e9cemment d\u00e9couvert qu&rsquo;elle portait un g\u00e8ne \u00ab d\u00e9fectueux \u00bb, BRCA1, qui la pr\u00e9dispose au cancer de l&rsquo;ovaire et du sein. Dans l\u2019article du Times, Jolie \u00e9crit qu&rsquo;elle a longtemps dit \u00e0 ses enfants \u00ab\u00a0de ne pas s&rsquo;inqui\u00e9ter\u00a0\u00bb si \u00ab\u00a0la m\u00eame chose pourrait l&rsquo;arriver\u00a0\u00bb.<\/p>\n<p>&nbsp;<\/p>\n<p>Les m\u00e9decins ont estim\u00e9 que j&rsquo;avais un risque de cancer du sein de 87 pour cent et un risque de cancer de l&rsquo;ovaire de 50 pour cent, bien que le risque soit diff\u00e9rent dans le cas de chaque femme, il est clair que le risque est tr\u00e8s grand. Une fraction des cancers du sein r\u00e9sulte d&rsquo;une mutation g\u00e9n\u00e9tique h\u00e9r\u00e9ditaire. Ceux avec un d\u00e9faut de BRCA1 ont en moyenne un risque de 65% de plus de rattraper la maladie, Angelina Jolie publie \u00ab\u00a0Une fois que j&rsquo;ai su que c&rsquo;\u00e9tait ma r\u00e9alit\u00e9, j&rsquo;ai d\u00e9cid\u00e9 d&rsquo;\u00eatre proactive et de minimiser les risques autant que possible.<\/p>\n<p>J&rsquo;ai pris la d\u00e9cision de subir une double mastectomie pr\u00e9ventive. J&rsquo;ai commenc\u00e9 par les seins, car mon risque de cancer du sein est plus \u00e9lev\u00e9 que mon risque de cancer de l&rsquo;ovaire et la chirurgie est plus complexe.\u00a0\u00bb<\/p>\n<p><img loading=\"lazy\" decoding=\"async\" class=\"alignnone wp-image-2557 size-full\" src=\"https:\/\/www.medespoir.ch\/blog\/wp-content\/uploads\/2021\/11\/angelina-jolie-chirurgie.jpg\" alt=\"Angelina Jolie seins\" width=\"1184\" height=\"666\" srcset=\"https:\/\/www.medespoir.ch\/blog\/wp-content\/uploads\/2021\/11\/angelina-jolie-chirurgie.jpg 1184w, https:\/\/www.medespoir.ch\/blog\/wp-content\/uploads\/2021\/11\/angelina-jolie-chirurgie-300x169.jpg 300w, https:\/\/www.medespoir.ch\/blog\/wp-content\/uploads\/2021\/11\/angelina-jolie-chirurgie-1024x576.jpg 1024w, https:\/\/www.medespoir.ch\/blog\/wp-content\/uploads\/2021\/11\/angelina-jolie-chirurgie-768x432.jpg 768w, https:\/\/www.medespoir.ch\/blog\/wp-content\/uploads\/2021\/11\/angelina-jolie-chirurgie-480x270.jpg 480w\" sizes=\"auto, (max-width: 1184px) 100vw, 1184px\" \/><\/p>\n<p>Jolie a commenc\u00e9 le processus d\u00e9but f\u00e9vrier avec une op\u00e9ration appel\u00e9e de \u00ab \u00e9coulement du mamelon \u00bb pour s&rsquo;assurer qu&rsquo;il n&rsquo;y avait pas de cancer dans les canaux mammaires derri\u00e8re ses mamelons et pour augmenter le flux sanguin vers la r\u00e9gion en vue des chirurgies ult\u00e9rieures. Deux semaines plus tard, son tissu mammaire a \u00e9t\u00e9 retir\u00e9 et remplac\u00e9 par des charges temporaires. Et, neuf semaines plus tard, ses seins ont \u00e9t\u00e9 reconstruits avec des implants. Ses m\u00e9decins disent maintenant que ses chances de d\u00e9velopper un cancer du sein sont pass\u00e9es de 87 % \u00e0 moins de 5 %.<\/p>\n<p>&nbsp;<\/p>\n<p>Jolie esp\u00e8re que la publication de sa d\u00e9cision encouragera les femmes \u2013 en particulier celles ayant des ant\u00e9c\u00e9dents familiaux de cancer de l&rsquo;ovaire ou du sein \u2013 \u00e0 rechercher des informations et des \u00e9valuations m\u00e9dicales, si n\u00e9cessaire. Elle note \u00e9galement que le co\u00fbt de 3 000 $ des tests qu&rsquo;elle a re\u00e7us est \u00ab un obstacle \u00bb pour les femmes \u00e0 revenu faible et moyen et il est du devoir de l&rsquo;humanit\u00e9 de leur garantir l&rsquo;acc\u00e8s. \u00ab Il doit \u00eatre une priorit\u00e9 de s&rsquo;assurer que davantage de femmes peuvent acc\u00e9der aux tests g\u00e9n\u00e9tiques et aux traitements pr\u00e9ventifs vitaux, quelle que soit leur situation financi\u00e8re, les moyens et les ant\u00e9c\u00e9dents qu&rsquo;elles ont.\u00a0\u00bb<\/p>\n<p>&nbsp;<\/p>\n<p>\u00ab Je voulais \u00e9crire ceci pour dire aux autres femmes que la d\u00e9cision de subir une mastectomie n&rsquo;\u00e9tait pas facile. Mais je suis tr\u00e8s heureuse d&rsquo;avoir franchir le cap \u00bb, \u00e9crit-elle. \u00ab Je peux dire \u00e0 mes enfants qu&rsquo;ils n&rsquo;ont pas \u00e0 craindre de me perdre \u00e0 cause d&rsquo;un cancer du sein\u2026 Personnellement, je ne sens pas moins de f\u00e9minit\u00e9. Je me sens responsable d&rsquo;avoir fait un choix fort qui ne diminue en rien ma f\u00e9minit\u00e9. Et &#8211; parce que nous savons que certains d&rsquo;entre vous se demandent &#8211; Jolie dit qu&rsquo;elle est \u00ab\u00a0chanceuse\u00a0\u00bb d&rsquo;avoir \u00ab\u00a0un partenaire, Brad Pitt, qui est si aimant et solidaire malgr\u00e9 la s\u00e9paration\u00a0\u00bb.<\/p>\n","protected":false},"excerpt":{"rendered":"<p>La fille d&rsquo;Angelina Jolie, Shiloh Jolie-Pitt, est \u00e0 la mode en jean d\u00e9chir\u00e9 et sweat \u00e0 capuche sur le tapis rouge. Faisant \u00e0 la une de la Magazine Paper &amp; Glue, La fille d\u2019Angelina Jolie, Shiloh Jolie-Pitt, avait l&rsquo;air tr\u00e8s belle sans effort dans un jean d\u00e9chir\u00e9 et un sweat-shirt alors qu&rsquo;elle frappait le tapis rouge avec sa m\u00e8re et son fr\u00e8re Pax Jolie-Pitt. Pax, 17 ans, \u00e9tait v\u00eatu d&rsquo;une chemise \u00e0 carreaux et d&rsquo;un jean, qu&rsquo;il associ\u00e9 \u00e0 des&#8230;<\/p>\n<p class=\"read-more\"><a class=\"btn btn-default\" href=\"https:\/\/www.medespoir.ch\/blog\/angelina-star-chirurgie-seins\/\">Lire la suite<span class=\"screen-reader-text\"> Lire la suite<\/span><\/a><\/p>\n","protected":false},"author":2,"featured_media":2554,"parent":0,"menu_order":0,"comment_status":"closed","ping_status":"closed","template":"","meta":{"footnotes":""},"class_list":["post-2552","page","type-page","status-publish","has-post-thumbnail","hentry"],"yoast_head":"<!-- This site is optimized with the Yoast SEO plugin v27.3 - https:\/\/yoast.com\/product\/yoast-seo-wordpress\/ -->\n<title>Angelina Jolie chirurgie : La plus jolie star qui dit oui \u00e0 la chirurgie seins<\/title>\n<meta name=\"description\" content=\"Angelina Jolie chirurgie : La plus jolie star qui dit oui \u00e0 la chirurgie des seins, tout savoir sur la chirurgie des seins d&#039;Angelina Jolie\" \/>\n<meta name=\"robots\" content=\"index, follow, max-snippet:-1, max-image-preview:large, max-video-preview:-1\" \/>\n<link rel=\"canonical\" href=\"https:\/\/www.medespoir.ch\/blog\/angelina-star-chirurgie-seins\/\" \/>\n<meta property=\"og:locale\" content=\"fr_FR\" \/>\n<meta property=\"og:type\" content=\"article\" \/>\n<meta property=\"og:title\" content=\"Angelina Jolie chirurgie : La plus jolie star qui dit oui \u00e0 la chirurgie seins\" \/>\n<meta property=\"og:description\" content=\"Angelina Jolie chirurgie : La plus jolie star qui dit oui \u00e0 la chirurgie des seins, tout savoir sur la chirurgie des seins d&#039;Angelina Jolie\" \/>\n<meta property=\"og:url\" content=\"https:\/\/www.medespoir.ch\/blog\/angelina-star-chirurgie-seins\/\" \/>\n<meta property=\"og:site_name\" content=\"Actualit\u00e9s\" \/>\n<meta property=\"article:modified_time\" content=\"2021-11-24T09:14:19+00:00\" \/>\n<meta property=\"og:image\" content=\"https:\/\/www.medespoir.ch\/blog\/wp-content\/uploads\/2021\/11\/Angelina-jolie.jpg\" \/>\n\t<meta property=\"og:image:width\" content=\"1440\" \/>\n\t<meta property=\"og:image:height\" content=\"1080\" \/>\n\t<meta property=\"og:image:type\" content=\"image\/jpeg\" \/>\n<meta name=\"twitter:card\" content=\"summary_large_image\" \/>\n<meta name=\"twitter:label1\" content=\"Dur\u00e9e de lecture estim\u00e9e\" \/>\n\t<meta name=\"twitter:data1\" content=\"7 minutes\" \/>\n<script type=\"application\/ld+json\" class=\"yoast-schema-graph\">{\"@context\":\"https:\\\/\\\/schema.org\",\"@graph\":[{\"@type\":\"WebPage\",\"@id\":\"https:\\\/\\\/www.medespoir.ch\\\/blog\\\/angelina-star-chirurgie-seins\\\/\",\"url\":\"https:\\\/\\\/www.medespoir.ch\\\/blog\\\/angelina-star-chirurgie-seins\\\/\",\"name\":\"Angelina Jolie chirurgie : La plus jolie star qui dit oui \u00e0 la chirurgie seins\",\"isPartOf\":{\"@id\":\"https:\\\/\\\/www.medespoir.ch\\\/blog\\\/#website\"},\"primaryImageOfPage\":{\"@id\":\"https:\\\/\\\/www.medespoir.ch\\\/blog\\\/angelina-star-chirurgie-seins\\\/#primaryimage\"},\"image\":{\"@id\":\"https:\\\/\\\/www.medespoir.ch\\\/blog\\\/angelina-star-chirurgie-seins\\\/#primaryimage\"},\"thumbnailUrl\":\"https:\\\/\\\/www.medespoir.ch\\\/blog\\\/wp-content\\\/uploads\\\/2021\\\/11\\\/Angelina-jolie.jpg\",\"datePublished\":\"2021-11-24T08:44:10+00:00\",\"dateModified\":\"2021-11-24T09:14:19+00:00\",\"description\":\"Angelina Jolie chirurgie : La plus jolie star qui dit oui \u00e0 la chirurgie des seins, tout savoir sur la chirurgie des seins d'Angelina Jolie\",\"breadcrumb\":{\"@id\":\"https:\\\/\\\/www.medespoir.ch\\\/blog\\\/angelina-star-chirurgie-seins\\\/#breadcrumb\"},\"inLanguage\":\"fr-FR\",\"potentialAction\":[{\"@type\":\"ReadAction\",\"target\":[\"https:\\\/\\\/www.medespoir.ch\\\/blog\\\/angelina-star-chirurgie-seins\\\/\"]}]},{\"@type\":\"ImageObject\",\"inLanguage\":\"fr-FR\",\"@id\":\"https:\\\/\\\/www.medespoir.ch\\\/blog\\\/angelina-star-chirurgie-seins\\\/#primaryimage\",\"url\":\"https:\\\/\\\/www.medespoir.ch\\\/blog\\\/wp-content\\\/uploads\\\/2021\\\/11\\\/Angelina-jolie.jpg\",\"contentUrl\":\"https:\\\/\\\/www.medespoir.ch\\\/blog\\\/wp-content\\\/uploads\\\/2021\\\/11\\\/Angelina-jolie.jpg\",\"width\":1440,\"height\":1080,\"caption\":\"Angelina jolie chirurgie seins\"},{\"@type\":\"BreadcrumbList\",\"@id\":\"https:\\\/\\\/www.medespoir.ch\\\/blog\\\/angelina-star-chirurgie-seins\\\/#breadcrumb\",\"itemListElement\":[{\"@type\":\"ListItem\",\"position\":1,\"name\":\"Accueil\",\"item\":\"https:\\\/\\\/www.medespoir.ch\\\/blog\\\/\"},{\"@type\":\"ListItem\",\"position\":2,\"name\":\"Angelina Jolie : La plus jolie star qui dit oui \u00e0 la chirurgie des seins\"}]},{\"@type\":\"WebSite\",\"@id\":\"https:\\\/\\\/www.medespoir.ch\\\/blog\\\/#website\",\"url\":\"https:\\\/\\\/www.medespoir.ch\\\/blog\\\/\",\"name\":\"Actualit\u00e9s\",\"description\":\"tout ce qui est en rapport avec la chirurgie esth\u00e9tique\",\"potentialAction\":[{\"@type\":\"SearchAction\",\"target\":{\"@type\":\"EntryPoint\",\"urlTemplate\":\"https:\\\/\\\/www.medespoir.ch\\\/blog\\\/?s={search_term_string}\"},\"query-input\":{\"@type\":\"PropertyValueSpecification\",\"valueRequired\":true,\"valueName\":\"search_term_string\"}}],\"inLanguage\":\"fr-FR\"}]}<\/script>\n<!-- \/ Yoast SEO plugin. -->","yoast_head_json":{"title":"Angelina Jolie chirurgie : La plus jolie star qui dit oui \u00e0 la chirurgie seins","description":"Angelina Jolie chirurgie : La plus jolie star qui dit oui \u00e0 la chirurgie des seins, tout savoir sur la chirurgie des seins d'Angelina Jolie","robots":{"index":"index","follow":"follow","max-snippet":"max-snippet:-1","max-image-preview":"max-image-preview:large","max-video-preview":"max-video-preview:-1"},"canonical":"https:\/\/www.medespoir.ch\/blog\/angelina-star-chirurgie-seins\/","og_locale":"fr_FR","og_type":"article","og_title":"Angelina Jolie chirurgie : La plus jolie star qui dit oui \u00e0 la chirurgie seins","og_description":"Angelina Jolie chirurgie : La plus jolie star qui dit oui \u00e0 la chirurgie des seins, tout savoir sur la chirurgie des seins d'Angelina Jolie","og_url":"https:\/\/www.medespoir.ch\/blog\/angelina-star-chirurgie-seins\/","og_site_name":"Actualit\u00e9s","article_modified_time":"2021-11-24T09:14:19+00:00","og_image":[{"width":1440,"height":1080,"url":"https:\/\/www.medespoir.ch\/blog\/wp-content\/uploads\/2021\/11\/Angelina-jolie.jpg","type":"image\/jpeg"}],"twitter_card":"summary_large_image","twitter_misc":{"Dur\u00e9e de lecture estim\u00e9e":"7 minutes"},"schema":{"@context":"https:\/\/schema.org","@graph":[{"@type":"WebPage","@id":"https:\/\/www.medespoir.ch\/blog\/angelina-star-chirurgie-seins\/","url":"https:\/\/www.medespoir.ch\/blog\/angelina-star-chirurgie-seins\/","name":"Angelina Jolie chirurgie : La plus jolie star qui dit oui \u00e0 la chirurgie seins","isPartOf":{"@id":"https:\/\/www.medespoir.ch\/blog\/#website"},"primaryImageOfPage":{"@id":"https:\/\/www.medespoir.ch\/blog\/angelina-star-chirurgie-seins\/#primaryimage"},"image":{"@id":"https:\/\/www.medespoir.ch\/blog\/angelina-star-chirurgie-seins\/#primaryimage"},"thumbnailUrl":"https:\/\/www.medespoir.ch\/blog\/wp-content\/uploads\/2021\/11\/Angelina-jolie.jpg","datePublished":"2021-11-24T08:44:10+00:00","dateModified":"2021-11-24T09:14:19+00:00","description":"Angelina Jolie chirurgie : La plus jolie star qui dit oui \u00e0 la chirurgie des seins, tout savoir sur la chirurgie des seins d'Angelina Jolie","breadcrumb":{"@id":"https:\/\/www.medespoir.ch\/blog\/angelina-star-chirurgie-seins\/#breadcrumb"},"inLanguage":"fr-FR","potentialAction":[{"@type":"ReadAction","target":["https:\/\/www.medespoir.ch\/blog\/angelina-star-chirurgie-seins\/"]}]},{"@type":"ImageObject","inLanguage":"fr-FR","@id":"https:\/\/www.medespoir.ch\/blog\/angelina-star-chirurgie-seins\/#primaryimage","url":"https:\/\/www.medespoir.ch\/blog\/wp-content\/uploads\/2021\/11\/Angelina-jolie.jpg","contentUrl":"https:\/\/www.medespoir.ch\/blog\/wp-content\/uploads\/2021\/11\/Angelina-jolie.jpg","width":1440,"height":1080,"caption":"Angelina jolie chirurgie seins"},{"@type":"BreadcrumbList","@id":"https:\/\/www.medespoir.ch\/blog\/angelina-star-chirurgie-seins\/#breadcrumb","itemListElement":[{"@type":"ListItem","position":1,"name":"Accueil","item":"https:\/\/www.medespoir.ch\/blog\/"},{"@type":"ListItem","position":2,"name":"Angelina Jolie : La plus jolie star qui dit oui \u00e0 la chirurgie des seins"}]},{"@type":"WebSite","@id":"https:\/\/www.medespoir.ch\/blog\/#website","url":"https:\/\/www.medespoir.ch\/blog\/","name":"Actualit\u00e9s","description":"tout ce qui est en rapport avec la chirurgie esth\u00e9tique","potentialAction":[{"@type":"SearchAction","target":{"@type":"EntryPoint","urlTemplate":"https:\/\/www.medespoir.ch\/blog\/?s={search_term_string}"},"query-input":{"@type":"PropertyValueSpecification","valueRequired":true,"valueName":"search_term_string"}}],"inLanguage":"fr-FR"}]}},"_links":{"self":[{"href":"https:\/\/www.medespoir.ch\/blog\/wp-json\/wp\/v2\/pages\/2552","targetHints":{"allow":["GET"]}}],"collection":[{"href":"https:\/\/www.medespoir.ch\/blog\/wp-json\/wp\/v2\/pages"}],"about":[{"href":"https:\/\/www.medespoir.ch\/blog\/wp-json\/wp\/v2\/types\/page"}],"author":[{"embeddable":true,"href":"https:\/\/www.medespoir.ch\/blog\/wp-json\/wp\/v2\/users\/2"}],"replies":[{"embeddable":true,"href":"https:\/\/www.medespoir.ch\/blog\/wp-json\/wp\/v2\/comments?post=2552"}],"version-history":[{"count":4,"href":"https:\/\/www.medespoir.ch\/blog\/wp-json\/wp\/v2\/pages\/2552\/revisions"}],"predecessor-version":[{"id":2560,"href":"https:\/\/www.medespoir.ch\/blog\/wp-json\/wp\/v2\/pages\/2552\/revisions\/2560"}],"wp:featuredmedia":[{"embeddable":true,"href":"https:\/\/www.medespoir.ch\/blog\/wp-json\/wp\/v2\/media\/2554"}],"wp:attachment":[{"href":"https:\/\/www.medespoir.ch\/blog\/wp-json\/wp\/v2\/media?parent=2552"}],"curies":[{"name":"wp","href":"https:\/\/api.w.org\/{rel}","templated":true}]}}