{"id":2973,"date":"2022-09-23T16:01:25","date_gmt":"2022-09-23T14:01:25","guid":{"rendered":"https:\/\/www.medespoir.ch\/blog\/?page_id=2973"},"modified":"2022-09-27T10:57:40","modified_gmt":"2022-09-27T08:57:40","slug":"augmentation-mammaire-nuremberg","status":"publish","type":"page","link":"https:\/\/www.medespoir.ch\/blog\/augmentation-mammaire-nuremberg\/","title":{"rendered":"Augmentation mammaire Nuremberg"},"content":{"rendered":"<h1><\/h1>\n<p>Des seins f\u00e9minins bien form\u00e9s et de taille proportionn\u00e9e sont visuellement et sensuellement s\u00e9duisants, un atout \u00e9vident pour les femmes qui en ont. Parce que les implants peuvent offrir ce que la nature n&rsquo;a pas dot\u00e9, il n&rsquo;est pas surprenant que l&rsquo;augmentation mammaire reste l\u2019intervention de chirurgie esth\u00e9tique la plus populaire au monde. Les femmes qui envisagent des implants mammaires se renseignent souvent d&rsquo;abord sur le co\u00fbt de l&rsquo;augmentation.<\/p>\n<h2>Quels sont les avantages d&rsquo;une augmentation mammaire Nuremberg\u00a0?<\/h2>\n<p>Il existe un certain nombre d&rsquo;avantages diff\u00e9rents qui sont associ\u00e9s \u00e0 l&rsquo;augmentation mammaire Nuremberg (<a href=\"https:\/\/www.medespoir.ch\/blog\/augmentation-mammaire-nuremberg\/\">Brustvergr\u00f6\u00dferung<\/a>). L&rsquo;ajout de courbes et de volume est l&rsquo;une des principales raisons pour lesquelles les femmes optent pour ce traitement. Si les seins d\u2019une patiente sont naturellement plats et petits, son but serait peut-\u00eatre d\u2019avoir un physique plus courb\u00e9.<\/p>\n<p>Cependant, les avantages s&rsquo;\u00e9tendent beaucoup plus loin que cela. L&rsquo;augmentation mammaire Nuremberg peut \u00e9galement aider \u00e0 uniformiser les seins naturellement asym\u00e9triques. D&rsquo;autres patientes optent pour ce traitement parce qu&rsquo;elles souhaitent reconstruire leurs seins apr\u00e8s une mastectomie, et il y a ensuite celles qui souhaitent restaurer leurs seins apr\u00e8s le vieillissement ou la grossesse, car les deux \u00e9v\u00e9nements peuvent avoir des cons\u00e9quences n\u00e9fastes.<\/p>\n<h2>Qui est un candidat \u00e0 l&rsquo;augmentation mammaire\u00a0Nuremberg ?<\/h2>\n<p>Enfin, plusieurs personnes se demandent si elles sont ou non de bonnes candidates pour une augmentation mammaire Nuremberg. De mani\u00e8re g\u00e9n\u00e9rale, un bon candidat pour cette intervention est une personne en bonne sant\u00e9 physique et mentale.<\/p>\n<p>Il n\u2019est pas possible de b\u00e9n\u00e9ficier de ce traitement si l\u2019on a une mammographie anormale, un cancer du sein, ou si la patiente allaite ou si elle est enceinte. Si l\u2019on n\u2019est pas s\u00fbr que ce soit le bon traitement pour elle, cela peut \u00eatre discut\u00e9 avec le chirurgien lors de la consultation.<\/p>\n<h2>Quels sont les facteurs qui influencent le prix final de l&rsquo;augmentation mammaire<\/h2>\n<p>Bien que le patient puisse voir des chiffres d\u00e9crivant le co\u00fbt moyen d&rsquo;une augmentation mammaire, il est imp\u00e9ratif de r\u00e9aliser que cela peut diff\u00e9rer d&rsquo;une clinique \u00e0 l&rsquo;autre et d&rsquo;une patiente \u00e0 l&rsquo;autre. C&rsquo;est parce qu&rsquo;il y a un certain nombre de variables diff\u00e9rentes qui sont en jeu.<\/p>\n<p>L&#8217;emplacement g\u00e9ographique de la clinique peut faire la diff\u00e9rence. De plus, le type de chirurgie utilis\u00e9e et les honoraires du chirurgien seront pris en compte. Ces derniers seront d\u00e9termin\u00e9s par l&rsquo;exp\u00e9rience du chirurgien.<\/p>\n<p>Il peut \u00e9galement y avoir d&rsquo;autres co\u00fbts suppl\u00e9mentaires qui sont \u00e9galement ajout\u00e9s au total final. Cela comprend les ordonnances de m\u00e9dicaments, les v\u00eatements post-chirurgicaux, les tests m\u00e9dicaux, les frais d&rsquo;\u00e9tablissement chirurgical ou d&rsquo;h\u00f4pital et les frais d&rsquo;anesth\u00e9sie. C&rsquo;est pourquoi il doit s\u2019assurer que l\u2019on est pleinement conscient de ce qui est inclus dans le prix qui a \u00e9t\u00e9 propos\u00e9.<\/p>\n<p>Le co\u00fbt d&rsquo;une augmentation mammaire varie d&rsquo;une patiente \u00e0 l&rsquo;autre et comprend :<\/p>\n<ul>\n<li>Honoraires du chirurgien\u00a0;<\/li>\n<li>Honoraires d&rsquo;anesth\u00e9siste\u00a0;<\/li>\n<li>Les frais de clinique ;<\/li>\n<li>Les implants\u00a0;<\/li>\n<li>M\u00e9dicaments, pansements et v\u00eatements de soutien.<\/li>\n<\/ul>\n<h2>Comment se d\u00e9roule l\u2019intervention\u00a0?<\/h2>\n<p>Pendant la chirurgie le patient recevra tr\u00e8s probablement une anesth\u00e9sie g\u00e9n\u00e9rale. Le chirurgien fera une incision le long du sein puis placera les implants entre le tissu mammaire et le muscle, ou derri\u00e8re le gros muscle pectoral sous le sein.<\/p>\n<p>Il existe diff\u00e9rentes fa\u00e7ons de faire l&rsquo;op\u00e9ration, et elles ont des effets diff\u00e9rents sur le temps de r\u00e9cup\u00e9ration.<\/p>\n<p>Il existe \u00e9galement diff\u00e9rents types d&rsquo;implants. Certaines femmes pr\u00e9f\u00e8rent la sensation des implants en silicone aux implants salins. Les implants salins causent moins de probl\u00e8mes que les implants en silicone en cas de fuite.<\/p>\n<h2>Quelles sont les suites op\u00e9ratoires\u00a0?<\/h2>\n<p>Apr\u00e8s la chirurgie, la patiente pourra rester \u00e0 l&rsquo;h\u00f4pital pendant quelques jours.<\/p>\n<p>Il est possible d\u2019avoir des tubes pour \u00e9vacuer le sang et d&rsquo;autres liquides de la poitrine, si c&rsquo;est le cas, ils seront en place pendant un jour ou deux.<\/p>\n<p>Il est aussi courant de voir un gonflement et des ecchymoses autour de la poitrine, qui mettront une semaine ou deux \u00e0 dispara\u00eetre. Il est aussi normal de ressentir de la douleur et de l&rsquo;inconfort. Des analg\u00e9siques peuvent \u00eatre prescrits pour aider la patiente.<\/p>\n<p>Il faut probablement porter un soutien suppl\u00e9mentaire pendant quelques semaines jusqu&rsquo;\u00e0 ce que les seins gu\u00e9rissent. Cela peut prendre le temps pour que l\u2019on revienne \u00e0 la normale, alors il faut s\u2019attendre \u00e0 un peu de temps libre et plus de temps quand l\u2019on aura besoin d&rsquo;aide suppl\u00e9mentaire pour les activit\u00e9s quotidiennes.<\/p>\n<p>Il est aussi recommander de retourner \u00e0 l&rsquo;h\u00f4pital ou voir le chirurgien pour retirer les points de suture. Il faudra probablement plusieurs mois pour que tous les gonflements et cicatrices disparaissent.<\/p>\n<p>Les patients auront normalement besoin d&rsquo;un repos complet pendant plusieurs jours apr\u00e8s la chirurgie. Les activit\u00e9s normales peuvent \u00eatre reprises dans 2 \u00e0 3 semaines, bien que les activit\u00e9s intenses et l&rsquo;exercice doivent \u00eatre \u00e9vit\u00e9s pendant 6 \u00e0 8 semaines. Le temps n\u00e9cessaire pour retourner au travail varie et peut aller de 1 \u00e0 4 semaines.<\/p>\n<h2>La chirurgie laissera-t-elle des cicatrices ?<\/h2>\n<p>Les techniques chirurgicales avanc\u00e9es appliqu\u00e9es par les chirurgiens de la chirurgie esth\u00e9tique d&rsquo;un jour sont con\u00e7ues pour minimiser les cicatrices visibles. Bien que certaines cicatrices soient impliqu\u00e9es dans l&rsquo;augmentation mammaire, les cicatrices ne mesurent g\u00e9n\u00e9ralement que quelques centim\u00e8tres de long et sont situ\u00e9es de mani\u00e8re \u00e0 devenir \u00e0 peine perceptibles \u00e0 mesure qu&rsquo;elles s&rsquo;estompent avec le temps.<\/p>\n<p>Habituellement, il est conseill\u00e9 aux patients de coller la cicatrice pendant les 2-3 premiers mois avec du ruban micropore pour favoriser la meilleure cicatrice possible.<\/p>\n<h2>Comment se pr\u00e9sentent les r\u00e9sultats\u00a0?<\/h2>\n<p>Apr\u00e8s une augmentation mammaire Nuremberg, le patient aura une poitrine souhait\u00e9e, bien profil\u00e9e et harmonieuse avec le reste du corps.<\/p>\n<p>Les r\u00e9sultats de chirurgie d\u2019une augmentation mammaire Nuremberg sont g\u00e9n\u00e9ralement obtenus 03 mois apr\u00e8s l\u2019intervention, p\u00e9riode pendant laquelle les cicatrices s\u2019estompent.<\/p>\n","protected":false},"excerpt":{"rendered":"<p>Des seins f\u00e9minins bien form\u00e9s et de taille proportionn\u00e9e sont visuellement et sensuellement s\u00e9duisants, un atout \u00e9vident pour les femmes qui en ont. Parce que les implants peuvent offrir ce que la nature n&rsquo;a pas dot\u00e9, il n&rsquo;est pas surprenant que l&rsquo;augmentation mammaire reste l\u2019intervention de chirurgie esth\u00e9tique la plus populaire au monde. Les femmes qui envisagent des implants mammaires se renseignent souvent d&rsquo;abord sur le co\u00fbt de l&rsquo;augmentation. Quels sont les avantages d&rsquo;une augmentation mammaire Nuremberg\u00a0? Il existe un&#8230;<\/p>\n<p class=\"read-more\"><a class=\"btn btn-default\" href=\"https:\/\/www.medespoir.ch\/blog\/augmentation-mammaire-nuremberg\/\">Lire la suite<span class=\"screen-reader-text\"> Lire la suite<\/span><\/a><\/p>\n","protected":false},"author":2,"featured_media":2975,"parent":0,"menu_order":0,"comment_status":"closed","ping_status":"closed","template":"","meta":{"footnotes":""},"class_list":["post-2973","page","type-page","status-publish","has-post-thumbnail","hentry"],"yoast_head":"<!-- This site is optimized with the Yoast SEO plugin v27.5 - https:\/\/yoast.com\/product\/yoast-seo-wordpress\/ -->\n<title>Augmentation mammaire Nuremberg : Tout savoir AM Nuremberg<\/title>\n<meta name=\"description\" content=\"Augmentation mammaire Nuremberg : Tout savoir AM Nuremberg, augmentation du volume et taille des seins Nuremberg Allemagne pour Suisses\" \/>\n<meta name=\"robots\" content=\"index, follow, max-snippet:-1, max-image-preview:large, max-video-preview:-1\" \/>\n<link rel=\"canonical\" href=\"https:\/\/www.medespoir.ch\/blog\/augmentation-mammaire-nuremberg\/\" \/>\n<meta property=\"og:locale\" content=\"fr_FR\" \/>\n<meta property=\"og:type\" content=\"article\" \/>\n<meta property=\"og:title\" content=\"Augmentation mammaire Nuremberg : Tout savoir AM Nuremberg\" \/>\n<meta property=\"og:description\" content=\"Augmentation mammaire Nuremberg : Tout savoir AM Nuremberg, augmentation du volume et taille des seins Nuremberg Allemagne pour Suisses\" \/>\n<meta property=\"og:url\" content=\"https:\/\/www.medespoir.ch\/blog\/augmentation-mammaire-nuremberg\/\" \/>\n<meta property=\"og:site_name\" content=\"Actualit\u00e9s\" \/>\n<meta property=\"article:modified_time\" content=\"2022-09-27T08:57:40+00:00\" \/>\n<meta property=\"og:image\" content=\"https:\/\/www.medespoir.ch\/blog\/wp-content\/uploads\/2022\/09\/augmentation-seins-nuremberg.png\" \/>\n\t<meta property=\"og:image:width\" content=\"801\" \/>\n\t<meta property=\"og:image:height\" content=\"380\" \/>\n\t<meta property=\"og:image:type\" content=\"image\/png\" \/>\n<meta name=\"twitter:card\" content=\"summary_large_image\" \/>\n<meta name=\"twitter:label1\" content=\"Dur\u00e9e de lecture estim\u00e9e\" \/>\n\t<meta name=\"twitter:data1\" content=\"5 minutes\" \/>\n<script type=\"application\/ld+json\" class=\"yoast-schema-graph\">{\"@context\":\"https:\\\/\\\/schema.org\",\"@graph\":[{\"@type\":\"WebPage\",\"@id\":\"https:\\\/\\\/www.medespoir.ch\\\/blog\\\/augmentation-mammaire-nuremberg\\\/\",\"url\":\"https:\\\/\\\/www.medespoir.ch\\\/blog\\\/augmentation-mammaire-nuremberg\\\/\",\"name\":\"Augmentation mammaire Nuremberg : Tout savoir AM Nuremberg\",\"isPartOf\":{\"@id\":\"https:\\\/\\\/www.medespoir.ch\\\/blog\\\/#website\"},\"primaryImageOfPage\":{\"@id\":\"https:\\\/\\\/www.medespoir.ch\\\/blog\\\/augmentation-mammaire-nuremberg\\\/#primaryimage\"},\"image\":{\"@id\":\"https:\\\/\\\/www.medespoir.ch\\\/blog\\\/augmentation-mammaire-nuremberg\\\/#primaryimage\"},\"thumbnailUrl\":\"https:\\\/\\\/www.medespoir.ch\\\/blog\\\/wp-content\\\/uploads\\\/2022\\\/09\\\/augmentation-seins-nuremberg.png\",\"datePublished\":\"2022-09-23T14:01:25+00:00\",\"dateModified\":\"2022-09-27T08:57:40+00:00\",\"description\":\"Augmentation mammaire Nuremberg : Tout savoir AM Nuremberg, augmentation du volume et taille des seins Nuremberg Allemagne pour Suisses\",\"breadcrumb\":{\"@id\":\"https:\\\/\\\/www.medespoir.ch\\\/blog\\\/augmentation-mammaire-nuremberg\\\/#breadcrumb\"},\"inLanguage\":\"fr-FR\",\"potentialAction\":[{\"@type\":\"ReadAction\",\"target\":[\"https:\\\/\\\/www.medespoir.ch\\\/blog\\\/augmentation-mammaire-nuremberg\\\/\"]}]},{\"@type\":\"ImageObject\",\"inLanguage\":\"fr-FR\",\"@id\":\"https:\\\/\\\/www.medespoir.ch\\\/blog\\\/augmentation-mammaire-nuremberg\\\/#primaryimage\",\"url\":\"https:\\\/\\\/www.medespoir.ch\\\/blog\\\/wp-content\\\/uploads\\\/2022\\\/09\\\/augmentation-seins-nuremberg.png\",\"contentUrl\":\"https:\\\/\\\/www.medespoir.ch\\\/blog\\\/wp-content\\\/uploads\\\/2022\\\/09\\\/augmentation-seins-nuremberg.png\",\"width\":801,\"height\":380},{\"@type\":\"BreadcrumbList\",\"@id\":\"https:\\\/\\\/www.medespoir.ch\\\/blog\\\/augmentation-mammaire-nuremberg\\\/#breadcrumb\",\"itemListElement\":[{\"@type\":\"ListItem\",\"position\":1,\"name\":\"Accueil\",\"item\":\"https:\\\/\\\/www.medespoir.ch\\\/blog\\\/\"},{\"@type\":\"ListItem\",\"position\":2,\"name\":\"Augmentation mammaire Nuremberg\"}]},{\"@type\":\"WebSite\",\"@id\":\"https:\\\/\\\/www.medespoir.ch\\\/blog\\\/#website\",\"url\":\"https:\\\/\\\/www.medespoir.ch\\\/blog\\\/\",\"name\":\"Actualit\u00e9s\",\"description\":\"tout ce qui est en rapport avec la chirurgie esth\u00e9tique\",\"potentialAction\":[{\"@type\":\"SearchAction\",\"target\":{\"@type\":\"EntryPoint\",\"urlTemplate\":\"https:\\\/\\\/www.medespoir.ch\\\/blog\\\/?s={search_term_string}\"},\"query-input\":{\"@type\":\"PropertyValueSpecification\",\"valueRequired\":true,\"valueName\":\"search_term_string\"}}],\"inLanguage\":\"fr-FR\"}]}<\/script>\n<!-- \/ Yoast SEO plugin. -->","yoast_head_json":{"title":"Augmentation mammaire Nuremberg : Tout savoir AM Nuremberg","description":"Augmentation mammaire Nuremberg : Tout savoir AM Nuremberg, augmentation du volume et taille des seins Nuremberg Allemagne pour Suisses","robots":{"index":"index","follow":"follow","max-snippet":"max-snippet:-1","max-image-preview":"max-image-preview:large","max-video-preview":"max-video-preview:-1"},"canonical":"https:\/\/www.medespoir.ch\/blog\/augmentation-mammaire-nuremberg\/","og_locale":"fr_FR","og_type":"article","og_title":"Augmentation mammaire Nuremberg : Tout savoir AM Nuremberg","og_description":"Augmentation mammaire Nuremberg : Tout savoir AM Nuremberg, augmentation du volume et taille des seins Nuremberg Allemagne pour Suisses","og_url":"https:\/\/www.medespoir.ch\/blog\/augmentation-mammaire-nuremberg\/","og_site_name":"Actualit\u00e9s","article_modified_time":"2022-09-27T08:57:40+00:00","og_image":[{"width":801,"height":380,"url":"https:\/\/www.medespoir.ch\/blog\/wp-content\/uploads\/2022\/09\/augmentation-seins-nuremberg.png","type":"image\/png"}],"twitter_card":"summary_large_image","twitter_misc":{"Dur\u00e9e de lecture estim\u00e9e":"5 minutes"},"schema":{"@context":"https:\/\/schema.org","@graph":[{"@type":"WebPage","@id":"https:\/\/www.medespoir.ch\/blog\/augmentation-mammaire-nuremberg\/","url":"https:\/\/www.medespoir.ch\/blog\/augmentation-mammaire-nuremberg\/","name":"Augmentation mammaire Nuremberg : Tout savoir AM Nuremberg","isPartOf":{"@id":"https:\/\/www.medespoir.ch\/blog\/#website"},"primaryImageOfPage":{"@id":"https:\/\/www.medespoir.ch\/blog\/augmentation-mammaire-nuremberg\/#primaryimage"},"image":{"@id":"https:\/\/www.medespoir.ch\/blog\/augmentation-mammaire-nuremberg\/#primaryimage"},"thumbnailUrl":"https:\/\/www.medespoir.ch\/blog\/wp-content\/uploads\/2022\/09\/augmentation-seins-nuremberg.png","datePublished":"2022-09-23T14:01:25+00:00","dateModified":"2022-09-27T08:57:40+00:00","description":"Augmentation mammaire Nuremberg : Tout savoir AM Nuremberg, augmentation du volume et taille des seins Nuremberg Allemagne pour Suisses","breadcrumb":{"@id":"https:\/\/www.medespoir.ch\/blog\/augmentation-mammaire-nuremberg\/#breadcrumb"},"inLanguage":"fr-FR","potentialAction":[{"@type":"ReadAction","target":["https:\/\/www.medespoir.ch\/blog\/augmentation-mammaire-nuremberg\/"]}]},{"@type":"ImageObject","inLanguage":"fr-FR","@id":"https:\/\/www.medespoir.ch\/blog\/augmentation-mammaire-nuremberg\/#primaryimage","url":"https:\/\/www.medespoir.ch\/blog\/wp-content\/uploads\/2022\/09\/augmentation-seins-nuremberg.png","contentUrl":"https:\/\/www.medespoir.ch\/blog\/wp-content\/uploads\/2022\/09\/augmentation-seins-nuremberg.png","width":801,"height":380},{"@type":"BreadcrumbList","@id":"https:\/\/www.medespoir.ch\/blog\/augmentation-mammaire-nuremberg\/#breadcrumb","itemListElement":[{"@type":"ListItem","position":1,"name":"Accueil","item":"https:\/\/www.medespoir.ch\/blog\/"},{"@type":"ListItem","position":2,"name":"Augmentation mammaire Nuremberg"}]},{"@type":"WebSite","@id":"https:\/\/www.medespoir.ch\/blog\/#website","url":"https:\/\/www.medespoir.ch\/blog\/","name":"Actualit\u00e9s","description":"tout ce qui est en rapport avec la chirurgie esth\u00e9tique","potentialAction":[{"@type":"SearchAction","target":{"@type":"EntryPoint","urlTemplate":"https:\/\/www.medespoir.ch\/blog\/?s={search_term_string}"},"query-input":{"@type":"PropertyValueSpecification","valueRequired":true,"valueName":"search_term_string"}}],"inLanguage":"fr-FR"}]}},"_links":{"self":[{"href":"https:\/\/www.medespoir.ch\/blog\/wp-json\/wp\/v2\/pages\/2973","targetHints":{"allow":["GET"]}}],"collection":[{"href":"https:\/\/www.medespoir.ch\/blog\/wp-json\/wp\/v2\/pages"}],"about":[{"href":"https:\/\/www.medespoir.ch\/blog\/wp-json\/wp\/v2\/types\/page"}],"author":[{"embeddable":true,"href":"https:\/\/www.medespoir.ch\/blog\/wp-json\/wp\/v2\/users\/2"}],"replies":[{"embeddable":true,"href":"https:\/\/www.medespoir.ch\/blog\/wp-json\/wp\/v2\/comments?post=2973"}],"version-history":[{"count":2,"href":"https:\/\/www.medespoir.ch\/blog\/wp-json\/wp\/v2\/pages\/2973\/revisions"}],"predecessor-version":[{"id":2988,"href":"https:\/\/www.medespoir.ch\/blog\/wp-json\/wp\/v2\/pages\/2973\/revisions\/2988"}],"wp:featuredmedia":[{"embeddable":true,"href":"https:\/\/www.medespoir.ch\/blog\/wp-json\/wp\/v2\/media\/2975"}],"wp:attachment":[{"href":"https:\/\/www.medespoir.ch\/blog\/wp-json\/wp\/v2\/media?parent=2973"}],"curies":[{"name":"wp","href":"https:\/\/api.w.org\/{rel}","templated":true}]}}