{"id":2978,"date":"2022-09-23T16:25:06","date_gmt":"2022-09-23T14:25:06","guid":{"rendered":"https:\/\/www.medespoir.ch\/blog\/?page_id=2978"},"modified":"2022-09-23T16:38:46","modified_gmt":"2022-09-23T14:38:46","slug":"sleeve-gastrique-berlin","status":"publish","type":"page","link":"https:\/\/www.medespoir.ch\/blog\/sleeve-gastrique-berlin\/","title":{"rendered":"Sleeve gastrique Berlin"},"content":{"rendered":"<h1><\/h1>\n<p>La sleeve gastrique est la chirurgie bariatrique la plus pratiqu\u00e9e au monde. C&rsquo;est une option pour les personnes qui ont ou sont \u00e0 risque d&rsquo;avoir des probl\u00e8mes de sant\u00e9 li\u00e9s \u00e0 l&rsquo;ob\u00e9sit\u00e9, comme le diab\u00e8te de type 2, les maladies cardiaques, l&rsquo;infertilit\u00e9, l&rsquo;apn\u00e9e du sommeil s\u00e9v\u00e8re et les accidents vasculaires c\u00e9r\u00e9braux. Cette chirurgie n&rsquo;est g\u00e9n\u00e9ralement recommand\u00e9e que lorsque d&rsquo;autres m\u00e9thodes de perte de poids, telles que le r\u00e9gime alimentaire et le sport ont \u00e9chou\u00e9.<\/p>\n<p>Au cours d&rsquo;une intervention de sleeve gastrique Berlin, un chirurgien rend l\u2019estomac plus petit en le divisant en deux sections distinctes. La section externe est compl\u00e8tement supprim\u00e9e, ne laissant qu&rsquo;une section interne plus petite de la taille et de la forme d&rsquo;une banane. Apr\u00e8s la chirurgie, le patient re\u00e7oit des conseils nutritionnels sp\u00e9cifiques pour le r\u00e9tablissement et au-del\u00e0 pour l\u2019aider \u00e0 gu\u00e9rir, \u00e0 perdre du poids et \u00e0 maintenir le poids.<\/p>\n<p>La chirurgie de la sleeve gastrique Berlin n&rsquo;est pas une solution instantan\u00e9e \u00e0 l&rsquo;ob\u00e9sit\u00e9, mais elle peut \u00eatre la premi\u00e8re \u00e9tape qui fait toute la diff\u00e9rence pour les personnes qui luttent depuis des ann\u00e9es dans la cherche de la perte du poids.<\/p>\n<h2>Combien co\u00fbte la sleeve gastrique Berlin\u00a0?<\/h2>\n<p>Le co\u00fbt de la sleeve gastrique Berlin ou de la sleeve gastrectomie Berlin peut varier d&rsquo;un patient \u00e0 l&rsquo;autre. Il est important de conna\u00eetre les principaux \u00e9l\u00e9ments de co\u00fbt impliqu\u00e9s dans la chirurgie afin de comprendre pourquoi une clinique facture un certain prix. Il doit \u00eatre clair sur le fait que le co\u00fbt de la chirurgie de la sleeve gastrique entre les pays est consid\u00e9rablement diff\u00e9rent.<\/p>\n<p>Cependant, m\u00eame \u00e0 Berlin, le co\u00fbt moyen de la sleeve gastrique peut varier dans une certaine mesure d&rsquo;un h\u00f4pital \u00e0 un autre.<\/p>\n<p>Voici quelques-uns des facteurs cl\u00e9s qui affecteront le co\u00fbt r\u00e9el de la chirurgie de la sleeve gastrique Berlin.<\/p>\n<h3>Frais d&rsquo;hospitalisation<\/h3>\n<p>Que l\u2019on choisisse de faire effectuer son op\u00e9ration de perte de poids dans un h\u00f4pital ou dans un centre bariatrique, cela peut faire une diff\u00e9rence. Certains des meilleurs h\u00f4pitaux de Berlin peuvent avoir des frais de salle d&rsquo;op\u00e9ration et d&rsquo;autres co\u00fbts plus \u00e9lev\u00e9s que d&rsquo;autres.<\/p>\n<h3>Honoraires du chirurgien<\/h3>\n<p>Certains des chirurgiens bariatriques les plus occup\u00e9s et les plus qualifi\u00e9s de Berlin peuvent avoir des honoraires l\u00e9g\u00e8rement plus \u00e9lev\u00e9s par rapport \u00e0 d&rsquo;autres chirurgiens moins accr\u00e9dit\u00e9s. Cependant, il est toujours pr\u00e9f\u00e9rable de choisir un chirurgien certifi\u00e9 ou tout aussi qualifi\u00e9 et exp\u00e9riment\u00e9 d\u2019Allemagne.<\/p>\n<h3>Complexit\u00e9 de la chirurgie<\/h3>\n<p>Le co\u00fbt de la sleeve gastrectomie verticale peut \u00eatre l\u00e9g\u00e8rement plus \u00e9lev\u00e9 pour les patients qui peuvent n\u00e9cessiter une op\u00e9ration chirurgicale plus complexe. En dehors du chirurgien bariatrique, les honoraires d&rsquo;autres chirurgiens ou m\u00e9decins traitants peuvent \u00eatre impliqu\u00e9s.<\/p>\n<h3>Agence de tourisme m\u00e9dical<\/h3>\n<p>Si le patient travaille avec une agence de services de tourisme m\u00e9dical fiable et r\u00e9put\u00e9e, elle peut l\u2019aider et le garantir le co\u00fbt de chirurgie bariatrique le plus comp\u00e9titif. Cela pourrait, en fait, \u00eatre le facteur le plus important qui influencera le co\u00fbt global.<\/p>\n<h2>Quels sont les co\u00fbts inclus dans le prix de la sleeve gastrique ?<\/h2>\n<p>Pendant que le patient \u00e9value ses options pour la chirurgie de la sleeve gastrique \u00e0 Berlin et ses \u00e9conomies potentielles, il est important \u00e9galement d\u2019examiner quels \u00e9l\u00e9ments de co\u00fbt sont susceptibles d&rsquo;\u00eatre inclus dans l\u2019ensemble de co\u00fbts de la sleeve gastrectomie.<\/p>\n<p>Certains des meilleurs centres bariatriques de Berlin fourniront des \u00ab\u00a0services de bout en bout\u00a0\u00bb et incluront la plupart des \u00e9l\u00e9ments de co\u00fbt dans leur forfait de tourisme m\u00e9dical pour le patient.<\/p>\n<p>Ceux-ci peuvent inclure :<\/p>\n<ul>\n<li>Honoraires de l&rsquo;anesth\u00e9siste\u00a0;<\/li>\n<li>Honoraires du chirurgien\u00a0;<\/li>\n<li>Honoraires des autres chirurgiens, m\u00e9decins et assistants pr\u00e9sents\u00a0;<\/li>\n<li>Co\u00fbts consolid\u00e9s du bloc op\u00e9ratoire\u00a0;<\/li>\n<li>Tests de laboratoire et diagnostics pr\u00e9op\u00e9ratoires\u00a0;<\/li>\n<li>M\u00e9dicaments pr\u00e9 et post-op\u00e9ratoires\u00a0;<\/li>\n<li>Consultation nutritionnelle avant et apr\u00e8s la chirurgie\u00a0;<\/li>\n<li>Nuit \u00e0 l&rsquo;h\u00f4pital, si n\u00e9cessaire\u00a0;<\/li>\n<li>Soins de suite et consultation.<\/li>\n<\/ul>\n<p>Le transport terrestre vers et depuis l&rsquo;a\u00e9roport et l&rsquo;h\u00e9bergement dans un h\u00f4tel \u00e0 proximit\u00e9 peuvent \u00e9galement \u00eatre inclus dans certains des forfaits, en fonction de ses besoins.<\/p>\n<h2>Comment se d\u00e9roule l\u2019intervention\u00a0?<\/h2>\n<p>La chirurgie de la sleeve gastrique dure environ 40 \u00e0 70 minutes.<\/p>\n<p>Le chirurgien enl\u00e8ve environ 80% de l\u2019estomac, laissant une poche de la taille d&rsquo;une banane. La chirurgie utilise presque toujours un laparoscope mini-invasif et de petites incisions.<\/p>\n<p>1 \u00e0 2 nuits apr\u00e8s la chirurgie le patient peut enfin sortir de la clinique.<\/p>\n<h2>Quelles sont les suites op\u00e9ratoires\u00a0?<\/h2>\n<p>Tous les patients sont encourag\u00e9s \u00e0 marcher d\u00e8s 3-4 heures apr\u00e8s la chirurgie<\/p>\n<p>En g\u00e9n\u00e9ral, la douleur est facilement g\u00e9rable apr\u00e8s la chirurgie. La plupart des patients prennent tr\u00e8s peu d\u2019analg\u00e9siques par rapport \u00e0 ce qui est prescrit.<\/p>\n<p>La plupart des patients peuvent retourner au travail ou \u00e0 l\u2019\u00e9cole apr\u00e8s 2 \u00e0 4 semaines. Il est courant que le patient soit fatigu\u00e9 pendant les 2 premi\u00e8res semaines \u00e0 cause d&rsquo;un faible apport calorique provenant d&rsquo;un r\u00e9gime enti\u00e8rement liquide. Cependant, la majorit\u00e9 des patients ne ressentent pas la faim durant cette phase du r\u00e9gime. Le niveau d&rsquo;\u00e9nergie s&rsquo;am\u00e9liore rapidement apr\u00e8s l&rsquo;introduction de la di\u00e8te molle, soit environ 2 semaines apr\u00e8s la chirurgie. \u00c0 l&rsquo;occasion, il est permis aux patients de travailler \u00e0 domicile 2 \u00e0 3 jours par semaine apr\u00e8s la chirurgie.<\/p>\n<p>Les patients peuvent reprendre ou commencer avec le sport 4 semaines apr\u00e8s la chirurgie.<\/p>\n<h2>Comment se pr\u00e9sentent les r\u00e9sultats\u00a0?<\/h2>\n<p>En moyenne, les gens perdent environ 60 \u00e0 70 % de leur exc\u00e8s de poids apr\u00e8s une sleeve gastrique Berlin. Les r\u00e9sultats d\u2019une sleeve gastrique Berlin peuvent se pr\u00e9senter comme suit\u00a0:<\/p>\n<ul>\n<li>Les 2 premi\u00e8res semaines : 5-10 kilo ; la plupart des patients perdent environ un demi-kilo par jour\u00a0;<\/li>\n<li>Les 3 premiers mois : 35-45% de perte de poids en exc\u00e8s\u00a0;<\/li>\n<li>Les 6 premiers mois : 50-60% de perte de poids en exc\u00e8s\u00a0;<\/li>\n<li>La premi\u00e8re ann\u00e9e : 60 \u00e0 70 % de perte de poids en exc\u00e8s.<\/li>\n<\/ul>\n<p>La plupart des gens atteignent leur poids le plus bas 12 \u00e0 24 mois apr\u00e8s la chirurgie.<\/p>\n<p>Le taux de r\u00e9ussite d\u2019une sleeve gastrique Berlin, comme d\u2019ailleurs dans certains pays, est d&rsquo;environ 80 \u00e0 90\u00a0%.<\/p>\n","protected":false},"excerpt":{"rendered":"<p>La sleeve gastrique est la chirurgie bariatrique la plus pratiqu\u00e9e au monde. C&rsquo;est une option pour les personnes qui ont ou sont \u00e0 risque d&rsquo;avoir des probl\u00e8mes de sant\u00e9 li\u00e9s \u00e0 l&rsquo;ob\u00e9sit\u00e9, comme le diab\u00e8te de type 2, les maladies cardiaques, l&rsquo;infertilit\u00e9, l&rsquo;apn\u00e9e du sommeil s\u00e9v\u00e8re et les accidents vasculaires c\u00e9r\u00e9braux. Cette chirurgie n&rsquo;est g\u00e9n\u00e9ralement recommand\u00e9e que lorsque d&rsquo;autres m\u00e9thodes de perte de poids, telles que le r\u00e9gime alimentaire et le sport ont \u00e9chou\u00e9. Au cours d&rsquo;une intervention de sleeve&#8230;<\/p>\n<p class=\"read-more\"><a class=\"btn btn-default\" href=\"https:\/\/www.medespoir.ch\/blog\/sleeve-gastrique-berlin\/\">Lire la suite<span class=\"screen-reader-text\"> Lire la suite<\/span><\/a><\/p>\n","protected":false},"author":2,"featured_media":2980,"parent":0,"menu_order":0,"comment_status":"closed","ping_status":"closed","template":"","meta":{"footnotes":""},"class_list":["post-2978","page","type-page","status-publish","has-post-thumbnail","hentry"],"yoast_head":"<!-- This site is optimized with the Yoast SEO plugin v27.4 - https:\/\/yoast.com\/product\/yoast-seo-wordpress\/ -->\n<title>Sleeve gastrique Berlin : devis gratuit Sleeve gastrique Berlin<\/title>\n<meta name=\"description\" content=\"Sleeve gastrique Berlin : devis gratuit Sleeve gastrique Berlin Tout savoir sur la sleeve gastrectomie \u00e0 Berlin\" \/>\n<meta name=\"robots\" content=\"index, follow, max-snippet:-1, max-image-preview:large, max-video-preview:-1\" \/>\n<link rel=\"canonical\" href=\"https:\/\/www.medespoir.ch\/blog\/sleeve-gastrique-berlin\/\" \/>\n<meta property=\"og:locale\" content=\"fr_FR\" \/>\n<meta property=\"og:type\" content=\"article\" \/>\n<meta property=\"og:title\" content=\"Sleeve gastrique Berlin : devis gratuit Sleeve gastrique Berlin\" \/>\n<meta property=\"og:description\" content=\"Sleeve gastrique Berlin : devis gratuit Sleeve gastrique Berlin Tout savoir sur la sleeve gastrectomie \u00e0 Berlin\" \/>\n<meta property=\"og:url\" content=\"https:\/\/www.medespoir.ch\/blog\/sleeve-gastrique-berlin\/\" \/>\n<meta property=\"og:site_name\" content=\"Actualit\u00e9s\" \/>\n<meta property=\"article:modified_time\" content=\"2022-09-23T14:38:46+00:00\" \/>\n<meta property=\"og:image\" content=\"https:\/\/www.medespoir.ch\/blog\/wp-content\/uploads\/2022\/09\/sleeve-gastrectomie-berlin.jpeg\" \/>\n\t<meta property=\"og:image:width\" content=\"367\" \/>\n\t<meta property=\"og:image:height\" content=\"137\" \/>\n\t<meta property=\"og:image:type\" content=\"image\/jpeg\" \/>\n<meta name=\"twitter:card\" content=\"summary_large_image\" \/>\n<meta name=\"twitter:label1\" content=\"Dur\u00e9e de lecture estim\u00e9e\" \/>\n\t<meta name=\"twitter:data1\" content=\"5 minutes\" \/>\n<script type=\"application\/ld+json\" class=\"yoast-schema-graph\">{\"@context\":\"https:\\\/\\\/schema.org\",\"@graph\":[{\"@type\":\"WebPage\",\"@id\":\"https:\\\/\\\/www.medespoir.ch\\\/blog\\\/sleeve-gastrique-berlin\\\/\",\"url\":\"https:\\\/\\\/www.medespoir.ch\\\/blog\\\/sleeve-gastrique-berlin\\\/\",\"name\":\"Sleeve gastrique Berlin : devis gratuit Sleeve gastrique Berlin\",\"isPartOf\":{\"@id\":\"https:\\\/\\\/www.medespoir.ch\\\/blog\\\/#website\"},\"primaryImageOfPage\":{\"@id\":\"https:\\\/\\\/www.medespoir.ch\\\/blog\\\/sleeve-gastrique-berlin\\\/#primaryimage\"},\"image\":{\"@id\":\"https:\\\/\\\/www.medespoir.ch\\\/blog\\\/sleeve-gastrique-berlin\\\/#primaryimage\"},\"thumbnailUrl\":\"https:\\\/\\\/www.medespoir.ch\\\/blog\\\/wp-content\\\/uploads\\\/2022\\\/09\\\/sleeve-gastrectomie-berlin.jpeg\",\"datePublished\":\"2022-09-23T14:25:06+00:00\",\"dateModified\":\"2022-09-23T14:38:46+00:00\",\"description\":\"Sleeve gastrique Berlin : devis gratuit Sleeve gastrique Berlin Tout savoir sur la sleeve gastrectomie \u00e0 Berlin\",\"breadcrumb\":{\"@id\":\"https:\\\/\\\/www.medespoir.ch\\\/blog\\\/sleeve-gastrique-berlin\\\/#breadcrumb\"},\"inLanguage\":\"fr-FR\",\"potentialAction\":[{\"@type\":\"ReadAction\",\"target\":[\"https:\\\/\\\/www.medespoir.ch\\\/blog\\\/sleeve-gastrique-berlin\\\/\"]}]},{\"@type\":\"ImageObject\",\"inLanguage\":\"fr-FR\",\"@id\":\"https:\\\/\\\/www.medespoir.ch\\\/blog\\\/sleeve-gastrique-berlin\\\/#primaryimage\",\"url\":\"https:\\\/\\\/www.medespoir.ch\\\/blog\\\/wp-content\\\/uploads\\\/2022\\\/09\\\/sleeve-gastrectomie-berlin.jpeg\",\"contentUrl\":\"https:\\\/\\\/www.medespoir.ch\\\/blog\\\/wp-content\\\/uploads\\\/2022\\\/09\\\/sleeve-gastrectomie-berlin.jpeg\",\"width\":367,\"height\":137,\"caption\":\"sleeve gastrectomie berlin\"},{\"@type\":\"BreadcrumbList\",\"@id\":\"https:\\\/\\\/www.medespoir.ch\\\/blog\\\/sleeve-gastrique-berlin\\\/#breadcrumb\",\"itemListElement\":[{\"@type\":\"ListItem\",\"position\":1,\"name\":\"Accueil\",\"item\":\"https:\\\/\\\/www.medespoir.ch\\\/blog\\\/\"},{\"@type\":\"ListItem\",\"position\":2,\"name\":\"Sleeve gastrique Berlin\"}]},{\"@type\":\"WebSite\",\"@id\":\"https:\\\/\\\/www.medespoir.ch\\\/blog\\\/#website\",\"url\":\"https:\\\/\\\/www.medespoir.ch\\\/blog\\\/\",\"name\":\"Actualit\u00e9s\",\"description\":\"tout ce qui est en rapport avec la chirurgie esth\u00e9tique\",\"potentialAction\":[{\"@type\":\"SearchAction\",\"target\":{\"@type\":\"EntryPoint\",\"urlTemplate\":\"https:\\\/\\\/www.medespoir.ch\\\/blog\\\/?s={search_term_string}\"},\"query-input\":{\"@type\":\"PropertyValueSpecification\",\"valueRequired\":true,\"valueName\":\"search_term_string\"}}],\"inLanguage\":\"fr-FR\"}]}<\/script>\n<!-- \/ Yoast SEO plugin. -->","yoast_head_json":{"title":"Sleeve gastrique Berlin : devis gratuit Sleeve gastrique Berlin","description":"Sleeve gastrique Berlin : devis gratuit Sleeve gastrique Berlin Tout savoir sur la sleeve gastrectomie \u00e0 Berlin","robots":{"index":"index","follow":"follow","max-snippet":"max-snippet:-1","max-image-preview":"max-image-preview:large","max-video-preview":"max-video-preview:-1"},"canonical":"https:\/\/www.medespoir.ch\/blog\/sleeve-gastrique-berlin\/","og_locale":"fr_FR","og_type":"article","og_title":"Sleeve gastrique Berlin : devis gratuit Sleeve gastrique Berlin","og_description":"Sleeve gastrique Berlin : devis gratuit Sleeve gastrique Berlin Tout savoir sur la sleeve gastrectomie \u00e0 Berlin","og_url":"https:\/\/www.medespoir.ch\/blog\/sleeve-gastrique-berlin\/","og_site_name":"Actualit\u00e9s","article_modified_time":"2022-09-23T14:38:46+00:00","og_image":[{"width":367,"height":137,"url":"https:\/\/www.medespoir.ch\/blog\/wp-content\/uploads\/2022\/09\/sleeve-gastrectomie-berlin.jpeg","type":"image\/jpeg"}],"twitter_card":"summary_large_image","twitter_misc":{"Dur\u00e9e de lecture estim\u00e9e":"5 minutes"},"schema":{"@context":"https:\/\/schema.org","@graph":[{"@type":"WebPage","@id":"https:\/\/www.medespoir.ch\/blog\/sleeve-gastrique-berlin\/","url":"https:\/\/www.medespoir.ch\/blog\/sleeve-gastrique-berlin\/","name":"Sleeve gastrique Berlin : devis gratuit Sleeve gastrique Berlin","isPartOf":{"@id":"https:\/\/www.medespoir.ch\/blog\/#website"},"primaryImageOfPage":{"@id":"https:\/\/www.medespoir.ch\/blog\/sleeve-gastrique-berlin\/#primaryimage"},"image":{"@id":"https:\/\/www.medespoir.ch\/blog\/sleeve-gastrique-berlin\/#primaryimage"},"thumbnailUrl":"https:\/\/www.medespoir.ch\/blog\/wp-content\/uploads\/2022\/09\/sleeve-gastrectomie-berlin.jpeg","datePublished":"2022-09-23T14:25:06+00:00","dateModified":"2022-09-23T14:38:46+00:00","description":"Sleeve gastrique Berlin : devis gratuit Sleeve gastrique Berlin Tout savoir sur la sleeve gastrectomie \u00e0 Berlin","breadcrumb":{"@id":"https:\/\/www.medespoir.ch\/blog\/sleeve-gastrique-berlin\/#breadcrumb"},"inLanguage":"fr-FR","potentialAction":[{"@type":"ReadAction","target":["https:\/\/www.medespoir.ch\/blog\/sleeve-gastrique-berlin\/"]}]},{"@type":"ImageObject","inLanguage":"fr-FR","@id":"https:\/\/www.medespoir.ch\/blog\/sleeve-gastrique-berlin\/#primaryimage","url":"https:\/\/www.medespoir.ch\/blog\/wp-content\/uploads\/2022\/09\/sleeve-gastrectomie-berlin.jpeg","contentUrl":"https:\/\/www.medespoir.ch\/blog\/wp-content\/uploads\/2022\/09\/sleeve-gastrectomie-berlin.jpeg","width":367,"height":137,"caption":"sleeve gastrectomie berlin"},{"@type":"BreadcrumbList","@id":"https:\/\/www.medespoir.ch\/blog\/sleeve-gastrique-berlin\/#breadcrumb","itemListElement":[{"@type":"ListItem","position":1,"name":"Accueil","item":"https:\/\/www.medespoir.ch\/blog\/"},{"@type":"ListItem","position":2,"name":"Sleeve gastrique Berlin"}]},{"@type":"WebSite","@id":"https:\/\/www.medespoir.ch\/blog\/#website","url":"https:\/\/www.medespoir.ch\/blog\/","name":"Actualit\u00e9s","description":"tout ce qui est en rapport avec la chirurgie esth\u00e9tique","potentialAction":[{"@type":"SearchAction","target":{"@type":"EntryPoint","urlTemplate":"https:\/\/www.medespoir.ch\/blog\/?s={search_term_string}"},"query-input":{"@type":"PropertyValueSpecification","valueRequired":true,"valueName":"search_term_string"}}],"inLanguage":"fr-FR"}]}},"_links":{"self":[{"href":"https:\/\/www.medespoir.ch\/blog\/wp-json\/wp\/v2\/pages\/2978","targetHints":{"allow":["GET"]}}],"collection":[{"href":"https:\/\/www.medespoir.ch\/blog\/wp-json\/wp\/v2\/pages"}],"about":[{"href":"https:\/\/www.medespoir.ch\/blog\/wp-json\/wp\/v2\/types\/page"}],"author":[{"embeddable":true,"href":"https:\/\/www.medespoir.ch\/blog\/wp-json\/wp\/v2\/users\/2"}],"replies":[{"embeddable":true,"href":"https:\/\/www.medespoir.ch\/blog\/wp-json\/wp\/v2\/comments?post=2978"}],"version-history":[{"count":1,"href":"https:\/\/www.medespoir.ch\/blog\/wp-json\/wp\/v2\/pages\/2978\/revisions"}],"predecessor-version":[{"id":2979,"href":"https:\/\/www.medespoir.ch\/blog\/wp-json\/wp\/v2\/pages\/2978\/revisions\/2979"}],"wp:featuredmedia":[{"embeddable":true,"href":"https:\/\/www.medespoir.ch\/blog\/wp-json\/wp\/v2\/media\/2980"}],"wp:attachment":[{"href":"https:\/\/www.medespoir.ch\/blog\/wp-json\/wp\/v2\/media?parent=2978"}],"curies":[{"name":"wp","href":"https:\/\/api.w.org\/{rel}","templated":true}]}}