{"id":2989,"date":"2022-09-27T12:43:22","date_gmt":"2022-09-27T10:43:22","guid":{"rendered":"https:\/\/www.medespoir.ch\/blog\/?page_id=2989"},"modified":"2023-05-03T16:37:01","modified_gmt":"2023-05-03T14:37:01","slug":"lifting-visage-mannheim","status":"publish","type":"page","link":"https:\/\/www.medespoir.ch\/blog\/lifting-visage-mannheim\/","title":{"rendered":"Lifting visage Mannheim"},"content":{"rendered":"<h1><\/h1>\n<p>Le moyen le plus efficace de lutter contre les signes r\u00e9v\u00e9lateurs du vieillissement est un lifting du visage (<span class=\"Y2IQFc\" lang=\"de\" style=\"font-family: Consolas, Monaco, monospace;\">Anhebendes Gesicht<\/span><span style=\"font-family: Consolas, Monaco, monospace;\">) Mannheim. Connue en termes m\u00e9dicaux sous le nom de rhytidectomie, il s&rsquo;agit souvent d&rsquo;une option attrayante pour ceux qui cherchent \u00e0 inverser les ridules qui se sont transform\u00e9es en rides plus profondes, mais les gens craignent souvent le co\u00fbt de lifting.<\/span><\/p>\n<h2>Qu\u2019est-ce qu\u2019un lifting visage\u00a0Mannheim ?<\/h2>\n<p>Un lifting du visage (rhytidectomie) Mannheim est une intervention chirurgicale qui consiste \u00e0 soulever et \u00e0 resserrer la peau du visage et les muscles sous-jacents pour une peau plus lisse et plus jeune. La chirurgie \u00e9limine \u00e9galement l&rsquo;exc\u00e8s de graisse pour corriger une apparence de bajoue et lisse les plis profonds de la base du nez jusqu&rsquo;aux coins de la bouche.<\/p>\n<h2>Combien co\u00fbte le lifting visage Mannheim\u00a0?<\/h2>\n<p>Le co\u00fbt moyen d\u2019un lifting de visage Mannheim ne prend pas en compte des d\u00e9penses connexes, comme les installations de salle d&rsquo;op\u00e9ration et l&rsquo;anesth\u00e9sie.<\/p>\n<p>Par cons\u00e9quent, si une personne re\u00e7oit un devis sup\u00e9rieur au chiffre moyen vu sur plusieurs sites, il est normal qu\u2019elle s\u2019alarme un peu. Il est important de s\u2019assurer d\u2019avoir regard\u00e9 ce qui est inclus dans le prix, car cela jouera un r\u00f4le important dans le chiffre global.<\/p>\n<h2>Quels sont les facteurs qui influencent le prix du lifting du visage Mannheim\u00a0?<\/h2>\n<p>Il existe de nombreux facteurs diff\u00e9rents qui peuvent influencer le prix qui est propos\u00e9 pour un lifting du visage Mannheim.<\/p>\n<p>Tout d&rsquo;abord, il faut consid\u00e9rer le chirurgien qui va effectuer le traitement et les honoraires de son chirurgien. G\u00e9n\u00e9ralement, plus le chirurgien est exp\u00e9riment\u00e9, plus le lifting est cher.<\/p>\n<p>L&#8217;emplacement g\u00e9ographique du cabinet peut \u00e9galement jouer un r\u00f4le, car certaines zones sont naturellement plus ch\u00e8res que d&rsquo;autres. Le type de la chirurgie utilis\u00e9 et l&rsquo;\u00e9tendue du traitement entreront \u00e9galement en jeu.<\/p>\n<p>Certains des co\u00fbts qui peuvent \u00eatre ajout\u00e9s au prix final comprennent les tests m\u00e9dicaux, les v\u00eatements post-chirurgicaux, les ordonnances de m\u00e9dicaments, les frais d&rsquo;anesth\u00e9sie, les frais d&rsquo;\u00e9tablissement chirurgical ou d&rsquo;h\u00f4pital et les honoraires du chirurgien.<\/p>\n<h2>Quels sont les avantages d&rsquo;un lifting visage Mannheim\u00a0?<\/h2>\n<p>Il existe un certain nombre d&rsquo;avantages diff\u00e9rents qui sont associ\u00e9s \u00e0 un lifting. En fin de compte, un lifting peut donner une apparence faciale revigor\u00e9e, \u00e9nergique et plus jeune. Toute peau affaiss\u00e9e peut \u00eatre resserr\u00e9e et lift\u00e9e, ce qui fera perdre des ann\u00e9es \u00e0 l\u2019apparence.<\/p>\n<p>En plus de cela, les bajoues qui obscurcissent la m\u00e2choire peuvent \u00eatre supprim\u00e9es. De plus, le chirurgien sera \u00e9galement en mesure d&rsquo;\u00e9liminer les rides ou les rides du lion, ainsi que d&rsquo;\u00e9liminer l&rsquo;exc\u00e8s de graisse.<\/p>\n<p>Ce qui est important ici, c&rsquo;est que le lifting sera personnalis\u00e9 en fonction des besoins et des objectifs. Cela aidera \u00e0 reprendre confiance en soi et \u00e0 retomber amoureux de son apparence.<\/p>\n<h2>Suis-je un candidat pour un lifting du visage ?<\/h2>\n<p>G\u00e9n\u00e9ralement, un bon candidat pour un lifting est quelqu&rsquo;un qui est g\u00e9n\u00e9ralement en bonne sant\u00e9, qui ne fume pas et qui n&rsquo;a aucune condition m\u00e9dicale qui entrave la gu\u00e9rison.<\/p>\n<p>Il est \u00e9galement imp\u00e9ratif que les attentes soient r\u00e9alistes lorsqu&rsquo;il s&rsquo;agit d&rsquo;obtenir un lifting, et c&rsquo;est quelque chose dont le chirurgien et son patient discuteront en d\u00e9tail lors de la consultation.<\/p>\n<h2>Quelles sont les diff\u00e9rentes techniques de lifting\u00a0?<\/h2>\n<p>Les techniques utilis\u00e9es lors d\u2019un lifting varient en fonction des traits du visage, des objectifs, des conditions et des attentes du patient. Le niveau d&rsquo;invasivit\u00e9, le placement des incisions, les couches de tissus qui seront corrig\u00e9es et les risques pouvant \u00eatre associ\u00e9s \u00e0 la chirurgie sont des sujets que le chirurgien discutera avec le patient avant de poursuivre la chirurgie pour d\u00e9terminer quelle technique lui convient le mieux. Voici les diff\u00e9rentes techniques chirurgicales de lifting :<\/p>\n<h3>Lifting plan profond<\/h3>\n<p>Le lifting en profondeur est la technique chirurgicale que le chirurgien recommande le plus \u00e0 ses patients. Les r\u00e9sultats d&rsquo;un lifting en profondeur sont bien meilleurs que les autres techniques traditionnelles. Il traite l&rsquo;affaissement, le rel\u00e2chement cutan\u00e9 et les plis cutan\u00e9s en remodelant l&rsquo;ensemble du visage en ajoutant du volume et en cr\u00e9ant des contours plus serr\u00e9s. La technique consiste \u00e0 placer une tension sp\u00e9ciale (sutures) sur et sous le muscle facial pour soulever et corriger l&rsquo;affaissement du visage. Le muscle SMAS (Muscles peauciers de l&rsquo;extr\u00e9mit\u00e9 c\u00e9phalique) est partiellement diss\u00e9qu\u00e9 et resserr\u00e9 pour permettre une meilleure correction et un remodelage. La technique de suture sp\u00e9ciale permet une fermeture cutan\u00e9e sans tension donnant au patient de meilleurs r\u00e9sultats cicatriciels \u00e0 long terme. Un lifting du cou est toujours inclus dans la chirurgie.<\/p>\n<h3>Lifting traditionnel<\/h3>\n<p>L&rsquo;objectif principal de ce lifting chirurgical est de traiter le rel\u00e2chement cutan\u00e9 et la perte de volume des joues. La chirurgie consiste \u00e0 corriger partiellement et \u00e0 resserrer le muscle SMAS. Le SMAS soutient la structure du visage et le corriger donnera une apparence jeune. Le rel\u00e2chement cutan\u00e9 sera \u00e9galement trait\u00e9 pendant la chirurgie et sera retir\u00e9. Le chirurgien inclut toujours un lifting du cou avec cette technique pour donner au patient de meilleurs r\u00e9sultats.<\/p>\n<h3>Peau facelift<\/h3>\n<p>\u00c9galement appel\u00e9e lifting cutan\u00e9, cette technique \u00e9limine l&rsquo;exc\u00e8s de peau et le rel\u00e2chement pour cr\u00e9er un aspect resserr\u00e9. La peau restante est repositionn\u00e9e pour soulever les joues et les bajoues affaiss\u00e9es. Il am\u00e9liore \u00e9galement le profil le long de la m\u00e2choire. Avec cette technique de lifting, les muscles ou les tissus adipeux sont laiss\u00e9s intacts. Ceci est id\u00e9al pour ceux qui ont un bon tonus musculaire et une bonne r\u00e9partition des graisses, mais qui trouvent que la peau perd de son \u00e9lasticit\u00e9 dans certaines zones. Le chirurgien applique cette technique cutan\u00e9e uniquement au cas par cas. Une \u00e9valuation pr\u00e9alable sera n\u00e9cessaire pour d\u00e9terminer si l\u2019on est candidat.<\/p>\n<h3>Mini lifting<\/h3>\n<p>Appel\u00e9 aussi lifting \u00e0 cicatrice courte en raison des incisions plus courtes r\u00e9alis\u00e9es, le mini lifting est un traitement rapide qui corrige le milieu et le bas du visage. De nombreux patients envisagent initialement cette technique, mais cela ne corrige aucun probl\u00e8me grave et donne g\u00e9n\u00e9ralement des r\u00e9sultats \u00e0 court terme. Les patients qui subissent cette intervention sont plus susceptibles d&rsquo;organiser \u00e9galement un lifting complet comme \u00e9tape finale pour rajeunir compl\u00e8tement et remodeler le visage \u00e0 ses courbes juv\u00e9niles.<\/p>\n<h2>Comment se d\u00e9roule l\u2019intervention\u00a0?<\/h2>\n<p>Le d\u00e9roulement du lifting du visage consiste \u00e0 \u00e9lever la peau et \u00e0 resserrer les tissus et les muscles sous-jacents. Durant l\u2019intervention, il y a \u00e9limination et redistribution des graisses au niveau du visage et du cou. La peau du visage est ensuite recouverte sur le contour du visage nouvellement repositionn\u00e9, une peau suppl\u00e9mentaire est d\u00e9tach\u00e9e et la plaie est cousue \u00e0 la fin.<\/p>\n<p>Une intervention de lifting prend g\u00e9n\u00e9ralement environ deux \u00e0 quatre heures, mais peut prendre plus de temps si d&rsquo;autres interventions esth\u00e9tiques sont effectu\u00e9es simultan\u00e9ment.<\/p>\n<p>Le r\u00e9sultat final de cette intervention aide non seulement \u00e0 restaurer une apparence jeune et attrayante, mais il aide \u00e9galement les individus \u00e0 se sentir beaucoup plus confiants et positifs envers eux-m\u00eames.<\/p>\n<h2>Comment se pr\u00e9sentent les r\u00e9sultats\u00a0?<\/h2>\n<p>Au d\u00e9but, la peau du visage et du cou peut sembler trop tendue. Cela s&rsquo;installe g\u00e9n\u00e9ralement dans les six semaines suivant l&rsquo;op\u00e9ration. La plupart des patients sont satisfaits du r\u00e9sultat final, mais certains ont du mal \u00e0 s&rsquo;habituer \u00e0 leur nouvelle forme. Cela peut arriver.<\/p>\n<p>Il n\u2019est pas possible de juger du r\u00e9sultat final du lifting visage Mannheim avant environ six \u00e0 neuf mois. M\u00eame si l&rsquo;op\u00e9ration est un succ\u00e8s, le patient peut avoir besoin d&rsquo;une autre op\u00e9ration \u00e0 l&rsquo;avenir pour retendre la peau.<\/p>\n<p>Pour prot\u00e9ger son corps et obtenir le meilleur r\u00e9sultat, il est important de prendre soin de soi, entre autres\u00a0:<\/p>\n<ul>\n<li>\u00c9viter les activit\u00e9s vigoureuses apr\u00e8s l\u2019op\u00e9ration\u00a0;<\/li>\n<li>Prot\u00e9ger les blessures comme recommand\u00e9\u00a0;<\/li>\n<li>Maintenir un poids et un niveau d&rsquo;exercice sains.<\/li>\n<\/ul>\n","protected":false},"excerpt":{"rendered":"<p>Le moyen le plus efficace de lutter contre les signes r\u00e9v\u00e9lateurs du vieillissement est un lifting du visage (Anhebendes Gesicht) Mannheim. Connue en termes m\u00e9dicaux sous le nom de rhytidectomie, il s&rsquo;agit souvent d&rsquo;une option attrayante pour ceux qui cherchent \u00e0 inverser les ridules qui se sont transform\u00e9es en rides plus profondes, mais les gens craignent souvent le co\u00fbt de lifting. Qu\u2019est-ce qu\u2019un lifting visage\u00a0Mannheim ? Un lifting du visage (rhytidectomie) Mannheim est une intervention chirurgicale qui consiste \u00e0 soulever&#8230;<\/p>\n<p class=\"read-more\"><a class=\"btn btn-default\" href=\"https:\/\/www.medespoir.ch\/blog\/lifting-visage-mannheim\/\">Lire la suite<span class=\"screen-reader-text\"> Lire la suite<\/span><\/a><\/p>\n","protected":false},"author":2,"featured_media":2991,"parent":0,"menu_order":0,"comment_status":"closed","ping_status":"closed","template":"","meta":{"footnotes":""},"class_list":["post-2989","page","type-page","status-publish","has-post-thumbnail","hentry"],"yoast_head":"<!-- This site is optimized with the Yoast SEO plugin v27.5 - https:\/\/yoast.com\/product\/yoast-seo-wordpress\/ -->\n<title>Lifting visage Mannheim : Lifting visage Mannheim prix TTC Suisse<\/title>\n<meta name=\"description\" content=\"Lifting visage Mannheim : Lifting visage Mannheim prix TTC pour Suisses, devis gratuit lifting visage prix tout compris Mannheim\" \/>\n<meta name=\"robots\" content=\"index, follow, max-snippet:-1, max-image-preview:large, max-video-preview:-1\" \/>\n<link rel=\"canonical\" href=\"https:\/\/www.medespoir.ch\/blog\/lifting-visage-mannheim\/\" \/>\n<meta property=\"og:locale\" content=\"fr_FR\" \/>\n<meta property=\"og:type\" content=\"article\" \/>\n<meta property=\"og:title\" content=\"Lifting visage Mannheim : Lifting visage Mannheim prix TTC Suisse\" \/>\n<meta property=\"og:description\" content=\"Lifting visage Mannheim : Lifting visage Mannheim prix TTC pour Suisses, devis gratuit lifting visage prix tout compris Mannheim\" \/>\n<meta property=\"og:url\" content=\"https:\/\/www.medespoir.ch\/blog\/lifting-visage-mannheim\/\" \/>\n<meta property=\"og:site_name\" content=\"Actualit\u00e9s\" \/>\n<meta property=\"article:modified_time\" content=\"2023-05-03T14:37:01+00:00\" \/>\n<meta property=\"og:image\" content=\"https:\/\/www.medespoir.ch\/blog\/wp-content\/uploads\/2022\/09\/lifting-cervico-facial-allemagne.jpg\" \/>\n\t<meta property=\"og:image:width\" content=\"1200\" \/>\n\t<meta property=\"og:image:height\" content=\"491\" \/>\n\t<meta property=\"og:image:type\" content=\"image\/jpeg\" \/>\n<meta name=\"twitter:card\" content=\"summary_large_image\" \/>\n<meta name=\"twitter:label1\" content=\"Dur\u00e9e de lecture estim\u00e9e\" \/>\n\t<meta name=\"twitter:data1\" content=\"7 minutes\" \/>\n<script type=\"application\/ld+json\" class=\"yoast-schema-graph\">{\"@context\":\"https:\\\/\\\/schema.org\",\"@graph\":[{\"@type\":\"WebPage\",\"@id\":\"https:\\\/\\\/www.medespoir.ch\\\/blog\\\/lifting-visage-mannheim\\\/\",\"url\":\"https:\\\/\\\/www.medespoir.ch\\\/blog\\\/lifting-visage-mannheim\\\/\",\"name\":\"Lifting visage Mannheim : Lifting visage Mannheim prix TTC Suisse\",\"isPartOf\":{\"@id\":\"https:\\\/\\\/www.medespoir.ch\\\/blog\\\/#website\"},\"primaryImageOfPage\":{\"@id\":\"https:\\\/\\\/www.medespoir.ch\\\/blog\\\/lifting-visage-mannheim\\\/#primaryimage\"},\"image\":{\"@id\":\"https:\\\/\\\/www.medespoir.ch\\\/blog\\\/lifting-visage-mannheim\\\/#primaryimage\"},\"thumbnailUrl\":\"https:\\\/\\\/www.medespoir.ch\\\/blog\\\/wp-content\\\/uploads\\\/2022\\\/09\\\/lifting-cervico-facial-allemagne.jpg\",\"datePublished\":\"2022-09-27T10:43:22+00:00\",\"dateModified\":\"2023-05-03T14:37:01+00:00\",\"description\":\"Lifting visage Mannheim : Lifting visage Mannheim prix TTC pour Suisses, devis gratuit lifting visage prix tout compris Mannheim\",\"breadcrumb\":{\"@id\":\"https:\\\/\\\/www.medespoir.ch\\\/blog\\\/lifting-visage-mannheim\\\/#breadcrumb\"},\"inLanguage\":\"fr-FR\",\"potentialAction\":[{\"@type\":\"ReadAction\",\"target\":[\"https:\\\/\\\/www.medespoir.ch\\\/blog\\\/lifting-visage-mannheim\\\/\"]}]},{\"@type\":\"ImageObject\",\"inLanguage\":\"fr-FR\",\"@id\":\"https:\\\/\\\/www.medespoir.ch\\\/blog\\\/lifting-visage-mannheim\\\/#primaryimage\",\"url\":\"https:\\\/\\\/www.medespoir.ch\\\/blog\\\/wp-content\\\/uploads\\\/2022\\\/09\\\/lifting-cervico-facial-allemagne.jpg\",\"contentUrl\":\"https:\\\/\\\/www.medespoir.ch\\\/blog\\\/wp-content\\\/uploads\\\/2022\\\/09\\\/lifting-cervico-facial-allemagne.jpg\",\"width\":1200,\"height\":491},{\"@type\":\"BreadcrumbList\",\"@id\":\"https:\\\/\\\/www.medespoir.ch\\\/blog\\\/lifting-visage-mannheim\\\/#breadcrumb\",\"itemListElement\":[{\"@type\":\"ListItem\",\"position\":1,\"name\":\"Accueil\",\"item\":\"https:\\\/\\\/www.medespoir.ch\\\/blog\\\/\"},{\"@type\":\"ListItem\",\"position\":2,\"name\":\"Lifting visage Mannheim\"}]},{\"@type\":\"WebSite\",\"@id\":\"https:\\\/\\\/www.medespoir.ch\\\/blog\\\/#website\",\"url\":\"https:\\\/\\\/www.medespoir.ch\\\/blog\\\/\",\"name\":\"Actualit\u00e9s\",\"description\":\"tout ce qui est en rapport avec la chirurgie esth\u00e9tique\",\"potentialAction\":[{\"@type\":\"SearchAction\",\"target\":{\"@type\":\"EntryPoint\",\"urlTemplate\":\"https:\\\/\\\/www.medespoir.ch\\\/blog\\\/?s={search_term_string}\"},\"query-input\":{\"@type\":\"PropertyValueSpecification\",\"valueRequired\":true,\"valueName\":\"search_term_string\"}}],\"inLanguage\":\"fr-FR\"}]}<\/script>\n<!-- \/ Yoast SEO plugin. -->","yoast_head_json":{"title":"Lifting visage Mannheim : Lifting visage Mannheim prix TTC Suisse","description":"Lifting visage Mannheim : Lifting visage Mannheim prix TTC pour Suisses, devis gratuit lifting visage prix tout compris Mannheim","robots":{"index":"index","follow":"follow","max-snippet":"max-snippet:-1","max-image-preview":"max-image-preview:large","max-video-preview":"max-video-preview:-1"},"canonical":"https:\/\/www.medespoir.ch\/blog\/lifting-visage-mannheim\/","og_locale":"fr_FR","og_type":"article","og_title":"Lifting visage Mannheim : Lifting visage Mannheim prix TTC Suisse","og_description":"Lifting visage Mannheim : Lifting visage Mannheim prix TTC pour Suisses, devis gratuit lifting visage prix tout compris Mannheim","og_url":"https:\/\/www.medespoir.ch\/blog\/lifting-visage-mannheim\/","og_site_name":"Actualit\u00e9s","article_modified_time":"2023-05-03T14:37:01+00:00","og_image":[{"width":1200,"height":491,"url":"https:\/\/www.medespoir.ch\/blog\/wp-content\/uploads\/2022\/09\/lifting-cervico-facial-allemagne.jpg","type":"image\/jpeg"}],"twitter_card":"summary_large_image","twitter_misc":{"Dur\u00e9e de lecture estim\u00e9e":"7 minutes"},"schema":{"@context":"https:\/\/schema.org","@graph":[{"@type":"WebPage","@id":"https:\/\/www.medespoir.ch\/blog\/lifting-visage-mannheim\/","url":"https:\/\/www.medespoir.ch\/blog\/lifting-visage-mannheim\/","name":"Lifting visage Mannheim : Lifting visage Mannheim prix TTC Suisse","isPartOf":{"@id":"https:\/\/www.medespoir.ch\/blog\/#website"},"primaryImageOfPage":{"@id":"https:\/\/www.medespoir.ch\/blog\/lifting-visage-mannheim\/#primaryimage"},"image":{"@id":"https:\/\/www.medespoir.ch\/blog\/lifting-visage-mannheim\/#primaryimage"},"thumbnailUrl":"https:\/\/www.medespoir.ch\/blog\/wp-content\/uploads\/2022\/09\/lifting-cervico-facial-allemagne.jpg","datePublished":"2022-09-27T10:43:22+00:00","dateModified":"2023-05-03T14:37:01+00:00","description":"Lifting visage Mannheim : Lifting visage Mannheim prix TTC pour Suisses, devis gratuit lifting visage prix tout compris Mannheim","breadcrumb":{"@id":"https:\/\/www.medespoir.ch\/blog\/lifting-visage-mannheim\/#breadcrumb"},"inLanguage":"fr-FR","potentialAction":[{"@type":"ReadAction","target":["https:\/\/www.medespoir.ch\/blog\/lifting-visage-mannheim\/"]}]},{"@type":"ImageObject","inLanguage":"fr-FR","@id":"https:\/\/www.medespoir.ch\/blog\/lifting-visage-mannheim\/#primaryimage","url":"https:\/\/www.medespoir.ch\/blog\/wp-content\/uploads\/2022\/09\/lifting-cervico-facial-allemagne.jpg","contentUrl":"https:\/\/www.medespoir.ch\/blog\/wp-content\/uploads\/2022\/09\/lifting-cervico-facial-allemagne.jpg","width":1200,"height":491},{"@type":"BreadcrumbList","@id":"https:\/\/www.medespoir.ch\/blog\/lifting-visage-mannheim\/#breadcrumb","itemListElement":[{"@type":"ListItem","position":1,"name":"Accueil","item":"https:\/\/www.medespoir.ch\/blog\/"},{"@type":"ListItem","position":2,"name":"Lifting visage Mannheim"}]},{"@type":"WebSite","@id":"https:\/\/www.medespoir.ch\/blog\/#website","url":"https:\/\/www.medespoir.ch\/blog\/","name":"Actualit\u00e9s","description":"tout ce qui est en rapport avec la chirurgie esth\u00e9tique","potentialAction":[{"@type":"SearchAction","target":{"@type":"EntryPoint","urlTemplate":"https:\/\/www.medespoir.ch\/blog\/?s={search_term_string}"},"query-input":{"@type":"PropertyValueSpecification","valueRequired":true,"valueName":"search_term_string"}}],"inLanguage":"fr-FR"}]}},"_links":{"self":[{"href":"https:\/\/www.medespoir.ch\/blog\/wp-json\/wp\/v2\/pages\/2989","targetHints":{"allow":["GET"]}}],"collection":[{"href":"https:\/\/www.medespoir.ch\/blog\/wp-json\/wp\/v2\/pages"}],"about":[{"href":"https:\/\/www.medespoir.ch\/blog\/wp-json\/wp\/v2\/types\/page"}],"author":[{"embeddable":true,"href":"https:\/\/www.medespoir.ch\/blog\/wp-json\/wp\/v2\/users\/2"}],"replies":[{"embeddable":true,"href":"https:\/\/www.medespoir.ch\/blog\/wp-json\/wp\/v2\/comments?post=2989"}],"version-history":[{"count":2,"href":"https:\/\/www.medespoir.ch\/blog\/wp-json\/wp\/v2\/pages\/2989\/revisions"}],"predecessor-version":[{"id":3519,"href":"https:\/\/www.medespoir.ch\/blog\/wp-json\/wp\/v2\/pages\/2989\/revisions\/3519"}],"wp:featuredmedia":[{"embeddable":true,"href":"https:\/\/www.medespoir.ch\/blog\/wp-json\/wp\/v2\/media\/2991"}],"wp:attachment":[{"href":"https:\/\/www.medespoir.ch\/blog\/wp-json\/wp\/v2\/media?parent=2989"}],"curies":[{"name":"wp","href":"https:\/\/api.w.org\/{rel}","templated":true}]}}